{"id":961,"date":"2024-07-08T09:54:59","date_gmt":"2024-07-08T08:54:59","guid":{"rendered":"https:\/\/recyclotronix.com\/?page_id=961"},"modified":"2026-04-02T11:13:13","modified_gmt":"2026-04-02T09:13:13","slug":"impressum-recyclotronix-rechtliche-angaben-kontakt-de","status":"publish","type":"page","link":"https:\/\/recyclotronix.com\/en\/impressum-recyclotronix-rechtliche-angaben-kontakt-de\/","title":{"rendered":"Impressum"},"content":{"rendered":"<div data-elementor-type=\"wp-page\" data-elementor-id=\"961\" class=\"elementor elementor-961\" data-elementor-post-type=\"page\">\n\t\t\t\t<div class=\"elementor-element elementor-element-561ca2a5 e-flex e-con-boxed e-con e-parent\" data-id=\"561ca2a5\" data-element_type=\"container\" data-e-type=\"container\">\n\t\t\t\t\t<div class=\"e-con-inner\">\n\t\t\t\t<div class=\"elementor-element elementor-element-1a97bd9f elementor-widget elementor-widget-text-editor\" data-id=\"1a97bd9f\" data-element_type=\"widget\" data-e-type=\"widget\" data-widget_type=\"text-editor.default\">\n\t\t\t\t<div class=\"elementor-widget-container\">\n\t\t\t\t\t\t\t\t\t<p>Recyclotronix GmbH<br \/>Industriestra\u00dfe 5<br \/>04229 Leipzig<\/p>\n<p>Telefon: 034206 694832<br \/>E-Mail: <a href=\"mailto:hello@recyclotronix.com\">hello@recyclotronix.com<\/a><\/p>\n<p><strong>Vertreten durch:<\/strong><br \/>Gesch\u00e4ftsf\u00fchrer Mohamed Okasha<\/p>\n<p><strong>Registereintrag:<\/strong><br \/>Eingetragen im Handelsregister.<br \/>Registergericht: Amtsgericht Leipzig<br \/>Registernummer: HRB 41882<\/p>\n<p><strong>Umsatzsteuer-ID: <\/strong><br \/>Umsatzsteuer-Identifikationsnummer nach \u00a727a Umsatzsteuergesetz:<br \/>DE363882513<\/p>\n<p><strong>Berufshaftpflichtversicherung: <\/strong><br>\nDebeka<br \/>Allgemeine Versicherung AG<br \/>Nikolaistr. 22<br \/>04109 Leipzig<br \/>Geltungsbereich: Deutschland<\/p>\t\t\t\t\t\t\t\t<\/div>\n\t\t\t\t<\/div>\n\t\t\t\t\t<\/div>\n\t\t\t\t<\/div>\n\t\t\t\t<\/div>","protected":false},"excerpt":{"rendered":"<p>Recyclotronix GmbHIndustriestra\u00dfe 504229 Leipzig Telefon: 034206 694832E-Mail: hello@recyclotronix.com Vertreten durch:Gesch\u00e4ftsf\u00fchrer Mohamed Okasha Registereintrag:Eingetragen im Handelsregister.Registergericht: Amtsgericht LeipzigRegisternummer: HRB 41882 Umsatzsteuer-ID: Umsatzsteuer-Identifikationsnummer nach \u00a727a Umsatzsteuergesetz:DE363882513 Berufshaftpflichtversicherung: DebekaAllgemeine Versicherung AGNikolaistr. 2204109 LeipzigGeltungsbereich: Deutschland<\/p>","protected":false},"author":2,"featured_media":0,"parent":0,"menu_order":0,"comment_status":"closed","ping_status":"closed","template":"","meta":{"footnotes":""},"class_list":["post-961","page","type-page","status-publish","hentry"],"yoast_head":"<!-- This site is optimized with the Yoast SEO plugin v27.6 - https:\/\/yoast.com\/product\/yoast-seo-wordpress\/ -->\n<title>Impressum Recyclotronix | Rechtliche Angaben &amp; Kontakt DE<\/title>\n<meta name=\"description\" content=\"Impressum der Recyclotronix GmbH \u2013 Handelsregisternummer, verantwortliche Personen, Versicherungsinformationen und vollst\u00e4ndige Kontaktdaten auf einen Blick.\" \/>\n<meta name=\"robots\" content=\"index, follow, max-snippet:-1, max-image-preview:large, max-video-preview:-1\" \/>\n<link rel=\"canonical\" href=\"https:\/\/recyclotronix.com\/en\/impressum-recyclotronix-rechtliche-angaben-kontakt-de\/\" \/>\n<meta property=\"og:locale\" content=\"en_US\" \/>\n<meta property=\"og:type\" content=\"article\" \/>\n<meta property=\"og:title\" content=\"Impressum Recyclotronix | Rechtliche Angaben &amp; Kontakt DE\" \/>\n<meta property=\"og:description\" content=\"Impressum der Recyclotronix GmbH \u2013 Handelsregisternummer, verantwortliche Personen, Versicherungsinformationen und vollst\u00e4ndige Kontaktdaten auf einen Blick.\" \/>\n<meta property=\"og:url\" content=\"https:\/\/recyclotronix.com\/en\/impressum-recyclotronix-rechtliche-angaben-kontakt-de\/\" \/>\n<meta property=\"og:site_name\" content=\"Recyclotronix GmbH\" \/>\n<meta property=\"article:modified_time\" content=\"2026-04-02T09:13:13+00:00\" \/>\n<meta name=\"twitter:card\" content=\"summary_large_image\" \/>\n<meta name=\"twitter:label1\" content=\"Est. reading time\" \/>\n\t<meta name=\"twitter:data1\" content=\"1 minute\" \/>\n<script type=\"application\/ld+json\" class=\"yoast-schema-graph\">{\"@context\":\"https:\\\/\\\/schema.org\",\"@graph\":[{\"@type\":\"WebPage\",\"@id\":\"https:\\\/\\\/recyclotronix.com\\\/impressum-recyclotronix-rechtliche-angaben-kontakt-de\\\/\",\"url\":\"https:\\\/\\\/recyclotronix.com\\\/impressum-recyclotronix-rechtliche-angaben-kontakt-de\\\/\",\"name\":\"Impressum Recyclotronix | Rechtliche Angaben & Kontakt DE\",\"isPartOf\":{\"@id\":\"https:\\\/\\\/recyclotronix.com\\\/#website\"},\"datePublished\":\"2024-07-08T08:54:59+00:00\",\"dateModified\":\"2026-04-02T09:13:13+00:00\",\"description\":\"Impressum der Recyclotronix GmbH \u2013 Handelsregisternummer, verantwortliche Personen, Versicherungsinformationen und vollst\u00e4ndige Kontaktdaten auf einen Blick.\",\"breadcrumb\":{\"@id\":\"https:\\\/\\\/recyclotronix.com\\\/impressum-recyclotronix-rechtliche-angaben-kontakt-de\\\/#breadcrumb\"},\"inLanguage\":\"en-US\",\"potentialAction\":[{\"@type\":\"ReadAction\",\"target\":[\"https:\\\/\\\/recyclotronix.com\\\/impressum-recyclotronix-rechtliche-angaben-kontakt-de\\\/\"]}]},{\"@type\":\"BreadcrumbList\",\"@id\":\"https:\\\/\\\/recyclotronix.com\\\/impressum-recyclotronix-rechtliche-angaben-kontakt-de\\\/#breadcrumb\",\"itemListElement\":[{\"@type\":\"ListItem\",\"position\":1,\"name\":\"Home\",\"item\":\"https:\\\/\\\/recyclotronix.com\\\/\"},{\"@type\":\"ListItem\",\"position\":2,\"name\":\"Impressum\"}]},{\"@type\":\"WebSite\",\"@id\":\"https:\\\/\\\/recyclotronix.com\\\/#website\",\"url\":\"https:\\\/\\\/recyclotronix.com\\\/\",\"name\":\"Recyclotronix GmbH\",\"description\":\"Revitalize. Reuse. Recycle.\",\"publisher\":{\"@id\":\"https:\\\/\\\/recyclotronix.com\\\/#organization\"},\"potentialAction\":[{\"@type\":\"SearchAction\",\"target\":{\"@type\":\"EntryPoint\",\"urlTemplate\":\"https:\\\/\\\/recyclotronix.com\\\/?s={search_term_string}\"},\"query-input\":{\"@type\":\"PropertyValueSpecification\",\"valueRequired\":true,\"valueName\":\"search_term_string\"}}],\"inLanguage\":\"en-US\"},{\"@type\":\"Organization\",\"@id\":\"https:\\\/\\\/recyclotronix.com\\\/#organization\",\"name\":\"Recyclotronix GmbH\",\"url\":\"https:\\\/\\\/recyclotronix.com\\\/\",\"logo\":{\"@type\":\"ImageObject\",\"inLanguage\":\"en-US\",\"@id\":\"https:\\\/\\\/recyclotronix.com\\\/#\\\/schema\\\/logo\\\/image\\\/\",\"url\":\"https:\\\/\\\/recyclotronix.com\\\/wp-content\\\/uploads\\\/2023\\\/08\\\/logo-png-1.png\",\"contentUrl\":\"https:\\\/\\\/recyclotronix.com\\\/wp-content\\\/uploads\\\/2023\\\/08\\\/logo-png-1.png\",\"width\":2560,\"height\":2451,\"caption\":\"Recyclotronix GmbH\"},\"image\":{\"@id\":\"https:\\\/\\\/recyclotronix.com\\\/#\\\/schema\\\/logo\\\/image\\\/\"}}]}<\/script>\n<!-- \/ Yoast SEO plugin. -->","yoast_head_json":{"title":"Impressum Recyclotronix | Rechtliche Angaben & Kontakt DE","description":"Impressum der Recyclotronix GmbH \u2013 Handelsregisternummer, verantwortliche Personen, Versicherungsinformationen und vollst\u00e4ndige Kontaktdaten auf einen Blick.","robots":{"index":"index","follow":"follow","max-snippet":"max-snippet:-1","max-image-preview":"max-image-preview:large","max-video-preview":"max-video-preview:-1"},"canonical":"https:\/\/recyclotronix.com\/en\/impressum-recyclotronix-rechtliche-angaben-kontakt-de\/","og_locale":"en_US","og_type":"article","og_title":"Impressum Recyclotronix | Rechtliche Angaben & Kontakt DE","og_description":"Impressum der Recyclotronix GmbH \u2013 Handelsregisternummer, verantwortliche Personen, Versicherungsinformationen und vollst\u00e4ndige Kontaktdaten auf einen Blick.","og_url":"https:\/\/recyclotronix.com\/en\/impressum-recyclotronix-rechtliche-angaben-kontakt-de\/","og_site_name":"Recyclotronix GmbH","article_modified_time":"2026-04-02T09:13:13+00:00","twitter_card":"summary_large_image","twitter_misc":{"Est. reading time":"1 minute"},"schema":{"@context":"https:\/\/schema.org","@graph":[{"@type":"WebPage","@id":"https:\/\/recyclotronix.com\/impressum-recyclotronix-rechtliche-angaben-kontakt-de\/","url":"https:\/\/recyclotronix.com\/impressum-recyclotronix-rechtliche-angaben-kontakt-de\/","name":"Impressum Recyclotronix | Rechtliche Angaben & Kontakt DE","isPartOf":{"@id":"https:\/\/recyclotronix.com\/#website"},"datePublished":"2024-07-08T08:54:59+00:00","dateModified":"2026-04-02T09:13:13+00:00","description":"Impressum der Recyclotronix GmbH \u2013 Handelsregisternummer, verantwortliche Personen, Versicherungsinformationen und vollst\u00e4ndige Kontaktdaten auf einen Blick.","breadcrumb":{"@id":"https:\/\/recyclotronix.com\/impressum-recyclotronix-rechtliche-angaben-kontakt-de\/#breadcrumb"},"inLanguage":"en-US","potentialAction":[{"@type":"ReadAction","target":["https:\/\/recyclotronix.com\/impressum-recyclotronix-rechtliche-angaben-kontakt-de\/"]}]},{"@type":"BreadcrumbList","@id":"https:\/\/recyclotronix.com\/impressum-recyclotronix-rechtliche-angaben-kontakt-de\/#breadcrumb","itemListElement":[{"@type":"ListItem","position":1,"name":"Home","item":"https:\/\/recyclotronix.com\/"},{"@type":"ListItem","position":2,"name":"Impressum"}]},{"@type":"WebSite","@id":"https:\/\/recyclotronix.com\/#website","url":"https:\/\/recyclotronix.com\/","name":"Recyclotronix GmbH","description":"Revitalize. Reuse. Recycle.","publisher":{"@id":"https:\/\/recyclotronix.com\/#organization"},"potentialAction":[{"@type":"SearchAction","target":{"@type":"EntryPoint","urlTemplate":"https:\/\/recyclotronix.com\/?s={search_term_string}"},"query-input":{"@type":"PropertyValueSpecification","valueRequired":true,"valueName":"search_term_string"}}],"inLanguage":"en-US"},{"@type":"Organization","@id":"https:\/\/recyclotronix.com\/#organization","name":"Recyclotronix GmbH","url":"https:\/\/recyclotronix.com\/","logo":{"@type":"ImageObject","inLanguage":"en-US","@id":"https:\/\/recyclotronix.com\/#\/schema\/logo\/image\/","url":"https:\/\/recyclotronix.com\/wp-content\/uploads\/2023\/08\/logo-png-1.png","contentUrl":"https:\/\/recyclotronix.com\/wp-content\/uploads\/2023\/08\/logo-png-1.png","width":2560,"height":2451,"caption":"Recyclotronix GmbH"},"image":{"@id":"https:\/\/recyclotronix.com\/#\/schema\/logo\/image\/"}}]}},"_links":{"self":[{"href":"https:\/\/recyclotronix.com\/en\/wp-json\/wp\/v2\/pages\/961","targetHints":{"allow":["GET"]}}],"collection":[{"href":"https:\/\/recyclotronix.com\/en\/wp-json\/wp\/v2\/pages"}],"about":[{"href":"https:\/\/recyclotronix.com\/en\/wp-json\/wp\/v2\/types\/page"}],"author":[{"embeddable":true,"href":"https:\/\/recyclotronix.com\/en\/wp-json\/wp\/v2\/users\/2"}],"replies":[{"embeddable":true,"href":"https:\/\/recyclotronix.com\/en\/wp-json\/wp\/v2\/comments?post=961"}],"version-history":[{"count":14,"href":"https:\/\/recyclotronix.com\/en\/wp-json\/wp\/v2\/pages\/961\/revisions"}],"predecessor-version":[{"id":1132,"href":"https:\/\/recyclotronix.com\/en\/wp-json\/wp\/v2\/pages\/961\/revisions\/1132"}],"wp:attachment":[{"href":"https:\/\/recyclotronix.com\/en\/wp-json\/wp\/v2\/media?parent=961"}],"curies":[{"name":"wp","href":"https:\/\/api.w.org\/{rel}","templated":true}]}}