{"id":44,"date":"2023-08-03T13:44:16","date_gmt":"2023-08-03T12:44:16","guid":{"rendered":"https:\/\/recyclotronix.com\/index.php\/services\/"},"modified":"2024-06-26T13:24:13","modified_gmt":"2024-06-26T12:24:13","slug":"business","status":"publish","type":"page","link":"https:\/\/recyclotronix.com\/en\/business\/","title":{"rendered":"Businesses"},"content":{"rendered":"<div data-elementor-type=\"wp-page\" data-elementor-id=\"44\" class=\"elementor elementor-44\" data-elementor-post-type=\"page\">\n\t\t\t\t<div class=\"elementor-element elementor-element-3c28c5e e-flex e-con-boxed e-con e-parent\" data-id=\"3c28c5e\" data-element_type=\"container\" data-e-type=\"container\" data-settings=\"{&quot;background_background&quot;:&quot;classic&quot;}\">\n\t\t\t\t\t<div class=\"e-con-inner\">\n\t\t\t\t<div class=\"elementor-element elementor-element-bf37108 animated-slow elementor-invisible elementor-widget elementor-widget-heading\" data-id=\"bf37108\" data-element_type=\"widget\" data-e-type=\"widget\" data-settings=\"{&quot;_animation&quot;:&quot;slideInUp&quot;}\" data-widget_type=\"heading.default\">\n\t\t\t\t<div class=\"elementor-widget-container\">\n\t\t\t\t\t<h2 class=\"elementor-heading-title elementor-size-default\">For Businesses<\/h2>\t\t\t\t<\/div>\n\t\t\t\t<\/div>\n\t\t\t\t<div class=\"elementor-element elementor-element-603899c animated-slow elementor-invisible elementor-widget elementor-widget-heading\" data-id=\"603899c\" data-element_type=\"widget\" data-e-type=\"widget\" data-settings=\"{&quot;_animation&quot;:&quot;slideInUp&quot;}\" data-widget_type=\"heading.default\">\n\t\t\t\t<div class=\"elementor-widget-container\">\n\t\t\t\t\t<h2 class=\"elementor-heading-title elementor-size-default\">EXPERT IT EQUIPMENT DISPOSAL SOLUTIONS FOR BUSINESSES<\/h2>\t\t\t\t<\/div>\n\t\t\t\t<\/div>\n\t\t\t\t\t<\/div>\n\t\t\t\t<\/div>\n\t\t<div class=\"elementor-element elementor-element-1f0ee332 e-flex e-con-boxed e-con e-parent\" data-id=\"1f0ee332\" data-element_type=\"container\" data-e-type=\"container\">\n\t\t\t\t\t<div class=\"e-con-inner\">\n\t\t<div class=\"elementor-element elementor-element-69dae134 e-con-full e-flex e-con e-child\" data-id=\"69dae134\" data-element_type=\"container\" data-e-type=\"container\">\n\t\t\t\t<div class=\"elementor-element elementor-element-2a55b169 elementor-invisible elementor-widget elementor-widget-heading\" data-id=\"2a55b169\" data-element_type=\"widget\" data-e-type=\"widget\" data-settings=\"{&quot;_animation&quot;:&quot;fadeInUp&quot;}\" data-widget_type=\"heading.default\">\n\t\t\t\t<div class=\"elementor-widget-container\">\n\t\t\t\t\t<h3 class=\"elementor-heading-title elementor-size-default\">Our Services<\/h3>\t\t\t\t<\/div>\n\t\t\t\t<\/div>\n\t\t\t\t<div class=\"elementor-element elementor-element-30528f09 elementor-widget elementor-widget-text-editor\" data-id=\"30528f09\" data-element_type=\"widget\" data-e-type=\"widget\" data-widget_type=\"text-editor.default\">\n\t\t\t\t<div class=\"elementor-widget-container\">\n\t\t\t\t\t\t\t\t\t<div><p><strong>Recylotronix<\/strong><span class=\"apple-converted-space\">\u00a0<\/span><span lang=\"DE\">takes care of<\/span> Disposal <span lang=\"DE\">ihrer <\/span>of our IT hardware and electronics. Recyclotronix not only <span lang=\"DE\">helps your company reduce its negative impact on the environment, it also makes sure no ressources go to waste.<br \/><\/span>If disposal, recycling or reuse - you are in the front seat and decide with us, how we proceed with your products.<br \/>Regardless wether the hardware is reused or recycled, we always make sure the data is destroyed and hold ourselves to the highest relevant standards and legislations <span lang=\"DE\">.We<\/span> are ISO certifiedand and continously monitor ourselves to guarantee secure processes.\u00a0<\/p><p>\u00a0<\/p><p>\u00a0<\/p><p>\u00a0<\/p><\/div>\t\t\t\t\t\t\t\t<\/div>\n\t\t\t\t<\/div>\n\t\t\t\t<\/div>\n\t\t\t\t\t<\/div>\n\t\t\t\t<\/div>\n\t\t\t\t<\/div>","protected":false},"excerpt":{"rendered":"<p>F\u00fcr Unternehmen professionelle Entsorgungsl\u00f6sungen Unsere Dienstleistungen Recyclotronix\u00a0\u00fcbernimmt die Entsorgung ihrer ausgemusterter IT-Ger\u00e4te und Elektronik. Recyclotronix erm\u00f6glicht nicht nur ihrem Unternehmen eine umweltfreundliche Entsorgung, sondern vermeidet Ressourcenverschwendung.Ob Entsorgung, Recycling oder Wiederverwendung &#8211; Sie entscheiden mit, wie wir mit den Produkten weiter verfahren.Unabh\u00e4ngig davon, ob die Ger\u00e4te wiederverwendet oder recycelt werden, vernichten wir stets die Daten auf [&hellip;]<\/p>\n","protected":false},"author":1,"featured_media":0,"parent":0,"menu_order":0,"comment_status":"closed","ping_status":"closed","template":"elementor_header_footer","meta":{"footnotes":""},"class_list":["post-44","page","type-page","status-publish","hentry"],"yoast_head":"<!-- This site is optimized with the Yoast SEO plugin v27.4 - https:\/\/yoast.com\/product\/yoast-seo-wordpress\/ -->\n<title>Unternehmen | Recyclotronix GmbH<\/title>\n<meta name=\"description\" content=\"Wir entsorgen f\u00fcr Sie DSGVO-konform und nachhaltig: Laptops, PCs, Drucker, Servers, Zubeh\u00f6r, Elektronische Ger\u00e4te uvm..\" \/>\n<meta name=\"robots\" content=\"index, follow, max-snippet:-1, max-image-preview:large, max-video-preview:-1\" \/>\n<link rel=\"canonical\" href=\"https:\/\/recyclotronix.com\/en\/business\/\" \/>\n<meta property=\"og:locale\" content=\"en_US\" \/>\n<meta property=\"og:type\" content=\"article\" \/>\n<meta property=\"og:title\" content=\"Unternehmen | Recyclotronix GmbH\" \/>\n<meta property=\"og:description\" content=\"Wir entsorgen f\u00fcr Sie DSGVO-konform und nachhaltig: Laptops, PCs, Drucker, Servers, Zubeh\u00f6r, Elektronische Ger\u00e4te uvm..\" \/>\n<meta property=\"og:url\" content=\"https:\/\/recyclotronix.com\/en\/business\/\" \/>\n<meta property=\"og:site_name\" content=\"Recyclotronix GmbH\" \/>\n<meta property=\"article:modified_time\" content=\"2024-06-26T12:24:13+00:00\" \/>\n<meta name=\"twitter:card\" content=\"summary_large_image\" \/>\n<meta name=\"twitter:label1\" content=\"Est. reading time\" \/>\n\t<meta name=\"twitter:data1\" content=\"1 minute\" \/>\n<script type=\"application\/ld+json\" class=\"yoast-schema-graph\">{\"@context\":\"https:\\\/\\\/schema.org\",\"@graph\":[{\"@type\":\"WebPage\",\"@id\":\"https:\\\/\\\/recyclotronix.com\\\/business\\\/\",\"url\":\"https:\\\/\\\/recyclotronix.com\\\/business\\\/\",\"name\":\"Unternehmen | Recyclotronix GmbH\",\"isPartOf\":{\"@id\":\"https:\\\/\\\/recyclotronix.com\\\/#website\"},\"datePublished\":\"2023-08-03T12:44:16+00:00\",\"dateModified\":\"2024-06-26T12:24:13+00:00\",\"description\":\"Wir entsorgen f\u00fcr Sie DSGVO-konform und nachhaltig: Laptops, PCs, Drucker, Servers, Zubeh\u00f6r, Elektronische Ger\u00e4te uvm..\",\"breadcrumb\":{\"@id\":\"https:\\\/\\\/recyclotronix.com\\\/business\\\/#breadcrumb\"},\"inLanguage\":\"en-US\",\"potentialAction\":[{\"@type\":\"ReadAction\",\"target\":[\"https:\\\/\\\/recyclotronix.com\\\/business\\\/\"]}]},{\"@type\":\"BreadcrumbList\",\"@id\":\"https:\\\/\\\/recyclotronix.com\\\/business\\\/#breadcrumb\",\"itemListElement\":[{\"@type\":\"ListItem\",\"position\":1,\"name\":\"Home\",\"item\":\"https:\\\/\\\/recyclotronix.com\\\/\"},{\"@type\":\"ListItem\",\"position\":2,\"name\":\"Unternehmen\"}]},{\"@type\":\"WebSite\",\"@id\":\"https:\\\/\\\/recyclotronix.com\\\/#website\",\"url\":\"https:\\\/\\\/recyclotronix.com\\\/\",\"name\":\"Recyclotronix GmbH\",\"description\":\"Revitalize. Reuse. Recycle.\",\"publisher\":{\"@id\":\"https:\\\/\\\/recyclotronix.com\\\/#organization\"},\"potentialAction\":[{\"@type\":\"SearchAction\",\"target\":{\"@type\":\"EntryPoint\",\"urlTemplate\":\"https:\\\/\\\/recyclotronix.com\\\/?s={search_term_string}\"},\"query-input\":{\"@type\":\"PropertyValueSpecification\",\"valueRequired\":true,\"valueName\":\"search_term_string\"}}],\"inLanguage\":\"en-US\"},{\"@type\":\"Organization\",\"@id\":\"https:\\\/\\\/recyclotronix.com\\\/#organization\",\"name\":\"Recyclotronix GmbH\",\"url\":\"https:\\\/\\\/recyclotronix.com\\\/\",\"logo\":{\"@type\":\"ImageObject\",\"inLanguage\":\"en-US\",\"@id\":\"https:\\\/\\\/recyclotronix.com\\\/#\\\/schema\\\/logo\\\/image\\\/\",\"url\":\"https:\\\/\\\/recyclotronix.com\\\/wp-content\\\/uploads\\\/2023\\\/08\\\/logo-png-1.png\",\"contentUrl\":\"https:\\\/\\\/recyclotronix.com\\\/wp-content\\\/uploads\\\/2023\\\/08\\\/logo-png-1.png\",\"width\":2560,\"height\":2451,\"caption\":\"Recyclotronix GmbH\"},\"image\":{\"@id\":\"https:\\\/\\\/recyclotronix.com\\\/#\\\/schema\\\/logo\\\/image\\\/\"}}]}<\/script>\n<!-- \/ Yoast SEO plugin. -->","yoast_head_json":{"title":"Unternehmen | Recyclotronix GmbH","description":"Wir entsorgen f\u00fcr Sie DSGVO-konform und nachhaltig: Laptops, PCs, Drucker, Servers, Zubeh\u00f6r, Elektronische Ger\u00e4te uvm..","robots":{"index":"index","follow":"follow","max-snippet":"max-snippet:-1","max-image-preview":"max-image-preview:large","max-video-preview":"max-video-preview:-1"},"canonical":"https:\/\/recyclotronix.com\/en\/business\/","og_locale":"en_US","og_type":"article","og_title":"Unternehmen | Recyclotronix GmbH","og_description":"Wir entsorgen f\u00fcr Sie DSGVO-konform und nachhaltig: Laptops, PCs, Drucker, Servers, Zubeh\u00f6r, Elektronische Ger\u00e4te uvm..","og_url":"https:\/\/recyclotronix.com\/en\/business\/","og_site_name":"Recyclotronix GmbH","article_modified_time":"2024-06-26T12:24:13+00:00","twitter_card":"summary_large_image","twitter_misc":{"Est. reading time":"1 minute"},"schema":{"@context":"https:\/\/schema.org","@graph":[{"@type":"WebPage","@id":"https:\/\/recyclotronix.com\/business\/","url":"https:\/\/recyclotronix.com\/business\/","name":"Unternehmen | Recyclotronix GmbH","isPartOf":{"@id":"https:\/\/recyclotronix.com\/#website"},"datePublished":"2023-08-03T12:44:16+00:00","dateModified":"2024-06-26T12:24:13+00:00","description":"Wir entsorgen f\u00fcr Sie DSGVO-konform und nachhaltig: Laptops, PCs, Drucker, Servers, Zubeh\u00f6r, Elektronische Ger\u00e4te uvm..","breadcrumb":{"@id":"https:\/\/recyclotronix.com\/business\/#breadcrumb"},"inLanguage":"en-US","potentialAction":[{"@type":"ReadAction","target":["https:\/\/recyclotronix.com\/business\/"]}]},{"@type":"BreadcrumbList","@id":"https:\/\/recyclotronix.com\/business\/#breadcrumb","itemListElement":[{"@type":"ListItem","position":1,"name":"Home","item":"https:\/\/recyclotronix.com\/"},{"@type":"ListItem","position":2,"name":"Unternehmen"}]},{"@type":"WebSite","@id":"https:\/\/recyclotronix.com\/#website","url":"https:\/\/recyclotronix.com\/","name":"Recyclotronix GmbH","description":"Revitalize. Reuse. Recycle.","publisher":{"@id":"https:\/\/recyclotronix.com\/#organization"},"potentialAction":[{"@type":"SearchAction","target":{"@type":"EntryPoint","urlTemplate":"https:\/\/recyclotronix.com\/?s={search_term_string}"},"query-input":{"@type":"PropertyValueSpecification","valueRequired":true,"valueName":"search_term_string"}}],"inLanguage":"en-US"},{"@type":"Organization","@id":"https:\/\/recyclotronix.com\/#organization","name":"Recyclotronix GmbH","url":"https:\/\/recyclotronix.com\/","logo":{"@type":"ImageObject","inLanguage":"en-US","@id":"https:\/\/recyclotronix.com\/#\/schema\/logo\/image\/","url":"https:\/\/recyclotronix.com\/wp-content\/uploads\/2023\/08\/logo-png-1.png","contentUrl":"https:\/\/recyclotronix.com\/wp-content\/uploads\/2023\/08\/logo-png-1.png","width":2560,"height":2451,"caption":"Recyclotronix GmbH"},"image":{"@id":"https:\/\/recyclotronix.com\/#\/schema\/logo\/image\/"}}]}},"_links":{"self":[{"href":"https:\/\/recyclotronix.com\/en\/wp-json\/wp\/v2\/pages\/44","targetHints":{"allow":["GET"]}}],"collection":[{"href":"https:\/\/recyclotronix.com\/en\/wp-json\/wp\/v2\/pages"}],"about":[{"href":"https:\/\/recyclotronix.com\/en\/wp-json\/wp\/v2\/types\/page"}],"author":[{"embeddable":true,"href":"https:\/\/recyclotronix.com\/en\/wp-json\/wp\/v2\/users\/1"}],"replies":[{"embeddable":true,"href":"https:\/\/recyclotronix.com\/en\/wp-json\/wp\/v2\/comments?post=44"}],"version-history":[{"count":136,"href":"https:\/\/recyclotronix.com\/en\/wp-json\/wp\/v2\/pages\/44\/revisions"}],"predecessor-version":[{"id":842,"href":"https:\/\/recyclotronix.com\/en\/wp-json\/wp\/v2\/pages\/44\/revisions\/842"}],"wp:attachment":[{"href":"https:\/\/recyclotronix.com\/en\/wp-json\/wp\/v2\/media?parent=44"}],"curies":[{"name":"wp","href":"https:\/\/api.w.org\/{rel}","templated":true}]}}