{"id":1053,"date":"2024-08-23T11:06:39","date_gmt":"2024-08-23T10:06:39","guid":{"rendered":"https:\/\/recyclotronix.com\/?page_id=1053"},"modified":"2026-04-05T14:13:53","modified_gmt":"2026-04-05T12:13:53","slug":"festplatten-entsorgen-firma","status":"publish","type":"page","link":"https:\/\/recyclotronix.com\/en\/festplatten-entsorgen-firma\/","title":{"rendered":"Festplatten entsorgen Firma"},"content":{"rendered":"<div data-elementor-type=\"wp-page\" data-elementor-id=\"1053\" class=\"elementor elementor-1053\" data-elementor-post-type=\"page\">\n\t\t\t\t<div class=\"elementor-element elementor-element-3c28c5e e-flex e-con-boxed e-con e-parent\" data-id=\"3c28c5e\" data-element_type=\"container\" data-e-type=\"container\" data-settings=\"{&quot;background_background&quot;:&quot;classic&quot;}\">\n\t\t\t\t\t<div class=\"e-con-inner\">\n\t\t\t\t<div class=\"elementor-element elementor-element-bf37108 animated-slow elementor-invisible elementor-widget elementor-widget-heading\" data-id=\"bf37108\" data-element_type=\"widget\" data-e-type=\"widget\" data-settings=\"{&quot;_animation&quot;:&quot;slideInUp&quot;}\" data-widget_type=\"heading.default\">\n\t\t\t\t<div class=\"elementor-widget-container\">\n\t\t\t\t\t<h1 class=\"elementor-heading-title elementor-size-default\">Sichere L\u00f6sungen zur Festplattenentsorgung f\u00fcr Unternehmen<\/h1>\t\t\t\t<\/div>\n\t\t\t\t<\/div>\n\t\t\t\t<div class=\"elementor-element elementor-element-603899c animated-slow elementor-invisible elementor-widget elementor-widget-heading\" data-id=\"603899c\" data-element_type=\"widget\" data-e-type=\"widget\" data-settings=\"{&quot;_animation&quot;:&quot;slideInUp&quot;}\" data-widget_type=\"heading.default\">\n\t\t\t\t<div class=\"elementor-widget-container\">\n\t\t\t\t\t<h2 class=\"elementor-heading-title elementor-size-default\">Zuverl\u00e4ssige und sichere Festplattendienste von Recyclotronix<\/h2>\t\t\t\t<\/div>\n\t\t\t\t<\/div>\n\t\t\t\t\t<\/div>\n\t\t\t\t<\/div>\n\t\t<div class=\"elementor-element elementor-element-1f0ee332 e-flex e-con-boxed e-con e-parent\" data-id=\"1f0ee332\" data-element_type=\"container\" data-e-type=\"container\">\n\t\t\t\t\t<div class=\"e-con-inner\">\n\t\t<div class=\"elementor-element elementor-element-69dae134 e-con-full e-flex e-con e-child\" data-id=\"69dae134\" data-element_type=\"container\" data-e-type=\"container\">\n\t\t\t\t<div class=\"elementor-element elementor-element-30528f09 elementor-widget elementor-widget-text-editor\" data-id=\"30528f09\" data-element_type=\"widget\" data-e-type=\"widget\" data-widget_type=\"text-editor.default\">\n\t\t\t\t<div class=\"elementor-widget-container\">\n\t\t\t\t\t\t\t\t\t<p>In der heutigen Gesch\u00e4ftswelt ist die ordnungsgem\u00e4\u00dfe <a href=\"https:\/\/recyclotronix.com\/en\/festplatten-entsorgen\/\"><strong>Disposal <\/strong>von <strong>Hard drives <\/strong><\/a>und anderen <strong>Datentr\u00e4gern <\/strong>nicht nur eine gesetzliche Pflicht, sondern auch ein wesentlicher Bestandteil des Datenschutzes. Bei Recyclotronix bieten wir Ihnen umfassende Dienstleistungen f\u00fcr die sichere und zertifizierte <strong>Festplattenvernichtung<\/strong>, speziell zugeschnitten auf die Bed\u00fcrfnisse von Unternehmen. Unser Ziel ist es, Ihre vertraulichen Daten zu sch\u00fctzen und gleichzeitig umweltfreundliche L\u00f6sungen anzubieten. Wenden Sie sich an uns, wenn Sie Festplatten entsorgen m\u00fcssen. Wir sind die Firma, wenn es um <strong>DIN-Zertifizierte Datentr\u00e4gervernichtung<\/strong> geht.<\/p>\t\t\t\t\t\t\t\t<\/div>\n\t\t\t\t<\/div>\n\t\t\t\t<div class=\"elementor-element elementor-element-07159a8 elementor-invisible elementor-widget elementor-widget-heading\" data-id=\"07159a8\" data-element_type=\"widget\" data-e-type=\"widget\" data-settings=\"{&quot;_animation&quot;:&quot;fadeInUp&quot;}\" data-widget_type=\"heading.default\">\n\t\t\t\t<div class=\"elementor-widget-container\">\n\t\t\t\t\t<h3 class=\"elementor-heading-title elementor-size-default\">Sicher und DIN 66399 Zertifiziert: Unsere Standards f\u00fcr Festplattenvernichtung<\/h3>\t\t\t\t<\/div>\n\t\t\t\t<\/div>\n\t\t\t\t<div class=\"elementor-element elementor-element-350ad75 elementor-widget elementor-widget-text-editor\" data-id=\"350ad75\" data-element_type=\"widget\" data-e-type=\"widget\" data-widget_type=\"text-editor.default\">\n\t\t\t\t<div class=\"elementor-widget-container\">\n\t\t\t\t\t\t\t\t\t<p>Bei <a href=\"\/en\/\">Recylotronix<\/a> verstehen wir, dass die <strong>Vernichtung <\/strong>von <strong>Hard drives <\/strong>f\u00fcr Firmen eine kritische Aufgabe ist. Unsere Dienstleistungen erf\u00fcllen die strengen Anforderungen der DIN 66399, die als Goldstandard f\u00fcr die sichere Datenvernichtung gilt. Diese Norm garantiert, dass Ihre Daten durch die angewendeten Methoden vollst\u00e4ndig und unwiderruflich zerst\u00f6rt werden. Unser zertifiziertes Verfahren gew\u00e4hrleistet, dass keine Datenfragmente zur\u00fcckbleiben, die m\u00f6glicherweise missbraucht werden k\u00f6nnten.<\/p>\t\t\t\t\t\t\t\t<\/div>\n\t\t\t\t<\/div>\n\t\t\t\t<div class=\"elementor-element elementor-element-6ee37db elementor-invisible elementor-widget elementor-widget-heading\" data-id=\"6ee37db\" data-element_type=\"widget\" data-e-type=\"widget\" data-settings=\"{&quot;_animation&quot;:&quot;fadeInUp&quot;}\" data-widget_type=\"heading.default\">\n\t\t\t\t<div class=\"elementor-widget-container\">\n\t\t\t\t\t<h3 class=\"elementor-heading-title elementor-size-default\">Vertrauliche Daten und Datentr\u00e4ger sicher entsorgen<\/h3>\t\t\t\t<\/div>\n\t\t\t\t<\/div>\n\t\t\t\t<div class=\"elementor-element elementor-element-a22363e elementor-widget elementor-widget-text-editor\" data-id=\"a22363e\" data-element_type=\"widget\" data-e-type=\"widget\" data-widget_type=\"text-editor.default\">\n\t\t\t\t<div class=\"elementor-widget-container\">\n\t\t\t\t\t\t\t\t\t<p>Besonders f\u00fcr Unternehmen ist es entscheidend, vertrauliche Informationen sicher zu entsorgen. Unsere <strong>Festplattenvernichtung <\/strong>umfasst die Verarbeitung gro\u00dfer Mengen von <strong>Datentr\u00e4gern<\/strong>, ohne Kompromisse bei der Sicherheit einzugehen. Ob es sich um alte Serverfestplatten, defekte Laptops oder veraltete Backups handelt \u2013 wir bieten Ihnen eine zuverl\u00e4ssige L\u00f6sung, um Ihre <strong>Hard drives <\/strong>sicher zu <strong>entsorgen<\/strong>. Als Firma mit moderner Technologie und geschultem Fachpersonal stellen wir sicher, dass jede Festplatte gr\u00fcndlich zerst\u00f6rt wird.<\/p>\t\t\t\t\t\t\t\t<\/div>\n\t\t\t\t<\/div>\n\t\t\t\t<div class=\"elementor-element elementor-element-97a6e6c elementor-invisible elementor-widget elementor-widget-heading\" data-id=\"97a6e6c\" data-element_type=\"widget\" data-e-type=\"widget\" data-settings=\"{&quot;_animation&quot;:&quot;fadeInUp&quot;}\" data-widget_type=\"heading.default\">\n\t\t\t\t<div class=\"elementor-widget-container\">\n\t\t\t\t\t<h3 class=\"elementor-heading-title elementor-size-default\">Umweltfreundliche und verantwortungsvolle Vernichtung von Festplatten<\/h3>\t\t\t\t<\/div>\n\t\t\t\t<\/div>\n\t\t\t\t<div class=\"elementor-element elementor-element-ea41d25 elementor-widget elementor-widget-text-editor\" data-id=\"ea41d25\" data-element_type=\"widget\" data-e-type=\"widget\" data-widget_type=\"text-editor.default\">\n\t\t\t\t<div class=\"elementor-widget-container\">\n\t\t\t\t\t\t\t\t\t<p>Neben der Datensicherheit legen wir bei Recyclotronix gro\u00dfen Wert auf Umweltfreundlichkeit. Unser Recyclingprozess entspricht den h\u00f6chsten Umweltstandards, um die Auswirkungen auf die Umwelt zu minimieren. Nach der <strong>Vernichtung <\/strong>der <strong>Hard drives <\/strong>werden die verbleibenden Materialien verantwortungsvoll recycelt. Damit tragen Sie nicht nur zur Sicherheit Ihrer Unternehmensdaten bei, sondern leisten auch einen wertvollen Beitrag zum Umweltschutz. Sie wollen <strong>Festplatten entsorgen <\/strong>und Ihre Firma m\u00f6chte sicher und umweltbewusst handeln? Dann kontaktieren Sie uns noch heute!<\/p>\t\t\t\t\t\t\t\t<\/div>\n\t\t\t\t<\/div>\n\t\t\t\t<div class=\"elementor-element elementor-element-f5267ea elementor-invisible elementor-widget elementor-widget-heading\" data-id=\"f5267ea\" data-element_type=\"widget\" data-e-type=\"widget\" data-settings=\"{&quot;_animation&quot;:&quot;fadeInUp&quot;}\" data-widget_type=\"heading.default\">\n\t\t\t\t<div class=\"elementor-widget-container\">\n\t\t\t\t\t<h3 class=\"elementor-heading-title elementor-size-default\">Vernichtung von Daten und Entsorgung der Festplatten<\/h3>\t\t\t\t<\/div>\n\t\t\t\t<\/div>\n\t\t\t\t<div class=\"elementor-element elementor-element-7de88b1 elementor-widget elementor-widget-text-editor\" data-id=\"7de88b1\" data-element_type=\"widget\" data-e-type=\"widget\" data-widget_type=\"text-editor.default\">\n\t\t\t\t<div class=\"elementor-widget-container\">\n\t\t\t\t\t\t\t\t\t<p>F\u00fcr eine sichere und <strong>zertifizierte Festplattenentsorgung<\/strong>, die Ihren Datenschutzbed\u00fcrfnissen gerecht wird, stehen wir Ihnen jederzeit zur Verf\u00fcgung. Kontaktieren Sie Recyclotronix, um mehr \u00fcber unsere Dienstleistungen zur <strong>Festplattenvernichtung <\/strong>zu erfahren und einen individuellen Service f\u00fcr Ihr Unternehmen zu vereinbaren. Vertrauen Sie auf unsere Erfahrung und Expertise, um Ihre Daten sicher zu entsorgen und gleichzeitig umweltbewusst zu handeln. Wenn Sie <strong>Festplatten entsorgen <\/strong>wollen, senden wir Ihrer Firma gerne ein ma\u00dfgeschneidertes Angebot zu.<\/p><p>Recyclotronix \u2013 Ihre Partner f\u00fcr sichere und umweltfreundliche Festplattenentsorgung.<\/p><p>Bei Recyclotronix verstehen wir, dass die <strong>Vernichtung <\/strong>von <strong>Hard drives <\/strong>f\u00fcr Firmen eine kritische Aufgabe ist. Unsere Dienstleistungen erf\u00fcllen die strengen Anforderungen der DIN 66399, die als Goldstandard f\u00fcr die sichere Datenvernichtung gilt. Diese Norm garantiert, dass Ihre Daten durch die angewendeten Methoden vollst\u00e4ndig und unwiderruflich zerst\u00f6rt werden. Unser zertifiziertes Verfahren gew\u00e4hrleistet, dass keine Datenfragmente zur\u00fcckbleiben, die m\u00f6glicherweise missbraucht werden k\u00f6nnten.<\/p>\t\t\t\t\t\t\t\t<\/div>\n\t\t\t\t<\/div>\n\t\t\t\t<\/div>\n\t\t\t\t\t<\/div>\n\t\t\t\t<\/div>\n\t\t\t\t<\/div>","protected":false},"excerpt":{"rendered":"<p>Sichere L\u00f6sungen zur Festplattenentsorgung f\u00fcr Unternehmen Zuverl\u00e4ssige und sichere Festplattendienste von Recyclotronix In der heutigen Gesch\u00e4ftswelt ist die ordnungsgem\u00e4\u00dfe Entsorgung von Festplatten und anderen Datentr\u00e4gern nicht nur eine gesetzliche Pflicht, sondern auch ein wesentlicher Bestandteil des Datenschutzes. Bei Recyclotronix bieten wir Ihnen umfassende Dienstleistungen f\u00fcr die sichere und zertifizierte Festplattenvernichtung, speziell zugeschnitten auf die Bed\u00fcrfnisse [&hellip;]<\/p>\n","protected":false},"author":2,"featured_media":0,"parent":0,"menu_order":0,"comment_status":"closed","ping_status":"closed","template":"elementor_header_footer","meta":{"footnotes":""},"class_list":["post-1053","page","type-page","status-publish","hentry"],"yoast_head":"<!-- This site is optimized with the Yoast SEO plugin v27.3 - https:\/\/yoast.com\/product\/yoast-seo-wordpress\/ -->\n<title>Festplatten entsorgen Sichere Datenvernichtung f\u00fcr Firmen DE<\/title>\n<meta name=\"description\" content=\"Festplatten schreddern und professionelle IT-Entsorgung f\u00fcr Firmen \u2013 Recyclotronix erstellt als zertifizierte Entsorgungsfirma Ihr ma\u00dfgeschneidertes Angebot.\" \/>\n<meta name=\"robots\" content=\"index, follow, max-snippet:-1, max-image-preview:large, max-video-preview:-1\" \/>\n<link rel=\"canonical\" href=\"https:\/\/recyclotronix.com\/en\/festplatten-entsorgen-firma\/\" \/>\n<meta property=\"og:locale\" content=\"en_US\" \/>\n<meta property=\"og:type\" content=\"article\" \/>\n<meta property=\"og:title\" content=\"Festplatten entsorgen Sichere Datenvernichtung f\u00fcr Firmen DE\" \/>\n<meta property=\"og:description\" content=\"Festplatten schreddern und professionelle IT-Entsorgung f\u00fcr Firmen \u2013 Recyclotronix erstellt als zertifizierte Entsorgungsfirma Ihr ma\u00dfgeschneidertes Angebot.\" \/>\n<meta property=\"og:url\" content=\"https:\/\/recyclotronix.com\/en\/festplatten-entsorgen-firma\/\" \/>\n<meta property=\"og:site_name\" content=\"Recyclotronix GmbH\" \/>\n<meta property=\"article:modified_time\" content=\"2026-04-05T12:13:53+00:00\" \/>\n<meta name=\"twitter:card\" content=\"summary_large_image\" \/>\n<meta name=\"twitter:label1\" content=\"Est. reading time\" \/>\n\t<meta name=\"twitter:data1\" content=\"2 minutes\" \/>\n<script type=\"application\/ld+json\" class=\"yoast-schema-graph\">{\"@context\":\"https:\\\/\\\/schema.org\",\"@graph\":[{\"@type\":\"WebPage\",\"@id\":\"https:\\\/\\\/recyclotronix.com\\\/festplatten-entsorgen-firma\\\/\",\"url\":\"https:\\\/\\\/recyclotronix.com\\\/festplatten-entsorgen-firma\\\/\",\"name\":\"Festplatten entsorgen Sichere Datenvernichtung f\u00fcr Firmen DE\",\"isPartOf\":{\"@id\":\"https:\\\/\\\/recyclotronix.com\\\/#website\"},\"datePublished\":\"2024-08-23T10:06:39+00:00\",\"dateModified\":\"2026-04-05T12:13:53+00:00\",\"description\":\"Festplatten schreddern und professionelle IT-Entsorgung f\u00fcr Firmen \u2013 Recyclotronix erstellt als zertifizierte Entsorgungsfirma Ihr ma\u00dfgeschneidertes Angebot.\",\"breadcrumb\":{\"@id\":\"https:\\\/\\\/recyclotronix.com\\\/festplatten-entsorgen-firma\\\/#breadcrumb\"},\"inLanguage\":\"en-US\",\"potentialAction\":[{\"@type\":\"ReadAction\",\"target\":[\"https:\\\/\\\/recyclotronix.com\\\/festplatten-entsorgen-firma\\\/\"]}]},{\"@type\":\"BreadcrumbList\",\"@id\":\"https:\\\/\\\/recyclotronix.com\\\/festplatten-entsorgen-firma\\\/#breadcrumb\",\"itemListElement\":[{\"@type\":\"ListItem\",\"position\":1,\"name\":\"Home\",\"item\":\"https:\\\/\\\/recyclotronix.com\\\/\"},{\"@type\":\"ListItem\",\"position\":2,\"name\":\"Festplatten entsorgen Firma\"}]},{\"@type\":\"WebSite\",\"@id\":\"https:\\\/\\\/recyclotronix.com\\\/#website\",\"url\":\"https:\\\/\\\/recyclotronix.com\\\/\",\"name\":\"Recyclotronix GmbH\",\"description\":\"Revitalize. Reuse. Recycle.\",\"publisher\":{\"@id\":\"https:\\\/\\\/recyclotronix.com\\\/#organization\"},\"potentialAction\":[{\"@type\":\"SearchAction\",\"target\":{\"@type\":\"EntryPoint\",\"urlTemplate\":\"https:\\\/\\\/recyclotronix.com\\\/?s={search_term_string}\"},\"query-input\":{\"@type\":\"PropertyValueSpecification\",\"valueRequired\":true,\"valueName\":\"search_term_string\"}}],\"inLanguage\":\"en-US\"},{\"@type\":\"Organization\",\"@id\":\"https:\\\/\\\/recyclotronix.com\\\/#organization\",\"name\":\"Recyclotronix GmbH\",\"url\":\"https:\\\/\\\/recyclotronix.com\\\/\",\"logo\":{\"@type\":\"ImageObject\",\"inLanguage\":\"en-US\",\"@id\":\"https:\\\/\\\/recyclotronix.com\\\/#\\\/schema\\\/logo\\\/image\\\/\",\"url\":\"https:\\\/\\\/recyclotronix.com\\\/wp-content\\\/uploads\\\/2023\\\/08\\\/logo-png-1.png\",\"contentUrl\":\"https:\\\/\\\/recyclotronix.com\\\/wp-content\\\/uploads\\\/2023\\\/08\\\/logo-png-1.png\",\"width\":2560,\"height\":2451,\"caption\":\"Recyclotronix GmbH\"},\"image\":{\"@id\":\"https:\\\/\\\/recyclotronix.com\\\/#\\\/schema\\\/logo\\\/image\\\/\"}}]}<\/script>\n<!-- \/ Yoast SEO plugin. -->","yoast_head_json":{"title":"Festplatten entsorgen Sichere Datenvernichtung f\u00fcr Firmen DE","description":"Festplatten schreddern und professionelle IT-Entsorgung f\u00fcr Firmen \u2013 Recyclotronix erstellt als zertifizierte Entsorgungsfirma Ihr ma\u00dfgeschneidertes Angebot.","robots":{"index":"index","follow":"follow","max-snippet":"max-snippet:-1","max-image-preview":"max-image-preview:large","max-video-preview":"max-video-preview:-1"},"canonical":"https:\/\/recyclotronix.com\/en\/festplatten-entsorgen-firma\/","og_locale":"en_US","og_type":"article","og_title":"Festplatten entsorgen Sichere Datenvernichtung f\u00fcr Firmen DE","og_description":"Festplatten schreddern und professionelle IT-Entsorgung f\u00fcr Firmen \u2013 Recyclotronix erstellt als zertifizierte Entsorgungsfirma Ihr ma\u00dfgeschneidertes Angebot.","og_url":"https:\/\/recyclotronix.com\/en\/festplatten-entsorgen-firma\/","og_site_name":"Recyclotronix GmbH","article_modified_time":"2026-04-05T12:13:53+00:00","twitter_card":"summary_large_image","twitter_misc":{"Est. reading time":"2 minutes"},"schema":{"@context":"https:\/\/schema.org","@graph":[{"@type":"WebPage","@id":"https:\/\/recyclotronix.com\/festplatten-entsorgen-firma\/","url":"https:\/\/recyclotronix.com\/festplatten-entsorgen-firma\/","name":"Festplatten entsorgen Sichere Datenvernichtung f\u00fcr Firmen DE","isPartOf":{"@id":"https:\/\/recyclotronix.com\/#website"},"datePublished":"2024-08-23T10:06:39+00:00","dateModified":"2026-04-05T12:13:53+00:00","description":"Festplatten schreddern und professionelle IT-Entsorgung f\u00fcr Firmen \u2013 Recyclotronix erstellt als zertifizierte Entsorgungsfirma Ihr ma\u00dfgeschneidertes Angebot.","breadcrumb":{"@id":"https:\/\/recyclotronix.com\/festplatten-entsorgen-firma\/#breadcrumb"},"inLanguage":"en-US","potentialAction":[{"@type":"ReadAction","target":["https:\/\/recyclotronix.com\/festplatten-entsorgen-firma\/"]}]},{"@type":"BreadcrumbList","@id":"https:\/\/recyclotronix.com\/festplatten-entsorgen-firma\/#breadcrumb","itemListElement":[{"@type":"ListItem","position":1,"name":"Home","item":"https:\/\/recyclotronix.com\/"},{"@type":"ListItem","position":2,"name":"Festplatten entsorgen Firma"}]},{"@type":"WebSite","@id":"https:\/\/recyclotronix.com\/#website","url":"https:\/\/recyclotronix.com\/","name":"Recyclotronix GmbH","description":"Revitalize. Reuse. Recycle.","publisher":{"@id":"https:\/\/recyclotronix.com\/#organization"},"potentialAction":[{"@type":"SearchAction","target":{"@type":"EntryPoint","urlTemplate":"https:\/\/recyclotronix.com\/?s={search_term_string}"},"query-input":{"@type":"PropertyValueSpecification","valueRequired":true,"valueName":"search_term_string"}}],"inLanguage":"en-US"},{"@type":"Organization","@id":"https:\/\/recyclotronix.com\/#organization","name":"Recyclotronix GmbH","url":"https:\/\/recyclotronix.com\/","logo":{"@type":"ImageObject","inLanguage":"en-US","@id":"https:\/\/recyclotronix.com\/#\/schema\/logo\/image\/","url":"https:\/\/recyclotronix.com\/wp-content\/uploads\/2023\/08\/logo-png-1.png","contentUrl":"https:\/\/recyclotronix.com\/wp-content\/uploads\/2023\/08\/logo-png-1.png","width":2560,"height":2451,"caption":"Recyclotronix GmbH"},"image":{"@id":"https:\/\/recyclotronix.com\/#\/schema\/logo\/image\/"}}]}},"_links":{"self":[{"href":"https:\/\/recyclotronix.com\/en\/wp-json\/wp\/v2\/pages\/1053","targetHints":{"allow":["GET"]}}],"collection":[{"href":"https:\/\/recyclotronix.com\/en\/wp-json\/wp\/v2\/pages"}],"about":[{"href":"https:\/\/recyclotronix.com\/en\/wp-json\/wp\/v2\/types\/page"}],"author":[{"embeddable":true,"href":"https:\/\/recyclotronix.com\/en\/wp-json\/wp\/v2\/users\/2"}],"replies":[{"embeddable":true,"href":"https:\/\/recyclotronix.com\/en\/wp-json\/wp\/v2\/comments?post=1053"}],"version-history":[{"count":13,"href":"https:\/\/recyclotronix.com\/en\/wp-json\/wp\/v2\/pages\/1053\/revisions"}],"predecessor-version":[{"id":2260,"href":"https:\/\/recyclotronix.com\/en\/wp-json\/wp\/v2\/pages\/1053\/revisions\/2260"}],"wp:attachment":[{"href":"https:\/\/recyclotronix.com\/en\/wp-json\/wp\/v2\/media?parent=1053"}],"curies":[{"name":"wp","href":"https:\/\/api.w.org\/{rel}","templated":true}]}}