{"id":1043,"date":"2024-08-23T11:03:03","date_gmt":"2024-08-23T10:03:03","guid":{"rendered":"https:\/\/recyclotronix.com\/?page_id=1043"},"modified":"2026-04-05T13:53:24","modified_gmt":"2026-04-05T11:53:24","slug":"elektronik-ankauf-leipzig","status":"publish","type":"page","link":"https:\/\/recyclotronix.com\/en\/elektronik-ankauf-leipzig\/","title":{"rendered":"Elektronik Ankauf Leipzig"},"content":{"rendered":"<div data-elementor-type=\"wp-page\" data-elementor-id=\"1043\" class=\"elementor elementor-1043\" data-elementor-post-type=\"page\">\n\t\t\t\t<div class=\"elementor-element elementor-element-3c28c5e e-flex e-con-boxed e-con e-parent\" data-id=\"3c28c5e\" data-element_type=\"container\" data-e-type=\"container\" data-settings=\"{&quot;background_background&quot;:&quot;classic&quot;}\">\n\t\t\t\t\t<div class=\"e-con-inner\">\n\t\t\t\t<div class=\"elementor-element elementor-element-bf37108 animated-slow elementor-invisible elementor-widget elementor-widget-heading\" data-id=\"bf37108\" data-element_type=\"widget\" data-e-type=\"widget\" data-settings=\"{&quot;_animation&quot;:&quot;slideInUp&quot;}\" data-widget_type=\"heading.default\">\n\t\t\t\t<div class=\"elementor-widget-container\">\n\t\t\t\t\t<h1 class=\"elementor-heading-title elementor-size-default\">Elektronik-Einkaufszentrum in Leipzig \u2013 Schnell &amp; Zertifiziert<\/h1>\t\t\t\t<\/div>\n\t\t\t\t<\/div>\n\t\t\t\t<div class=\"elementor-element elementor-element-603899c animated-slow elementor-invisible elementor-widget elementor-widget-heading\" data-id=\"603899c\" data-element_type=\"widget\" data-e-type=\"widget\" data-settings=\"{&quot;_animation&quot;:&quot;slideInUp&quot;}\" data-widget_type=\"heading.default\">\n\t\t\t\t<div class=\"elementor-widget-container\">\n\t\t\t\t\t<h2 class=\"elementor-heading-title elementor-size-default\">Zertifizierte und vorschriftsm\u00e4\u00dfige Elektronikentsorgung in Leipzig<\/h2>\t\t\t\t<\/div>\n\t\t\t\t<\/div>\n\t\t\t\t\t<\/div>\n\t\t\t\t<\/div>\n\t\t<div class=\"elementor-element elementor-element-1f0ee332 e-flex e-con-boxed e-con e-parent\" data-id=\"1f0ee332\" data-element_type=\"container\" data-e-type=\"container\">\n\t\t\t\t\t<div class=\"e-con-inner\">\n\t\t<div class=\"elementor-element elementor-element-69dae134 e-con-full e-flex e-con e-child\" data-id=\"69dae134\" data-element_type=\"container\" data-e-type=\"container\">\n\t\t\t\t<div class=\"elementor-element elementor-element-30528f09 elementor-widget elementor-widget-text-editor\" data-id=\"30528f09\" data-element_type=\"widget\" data-e-type=\"widget\" data-widget_type=\"text-editor.default\">\n\t\t\t\t<div class=\"elementor-widget-container\">\n\t\t\t\t\t\t\t\t\t<p>In der dynamischen Welt von heute sind Unternehmen auf eine effiziente und zuverl\u00e4ssige Verwaltung ihrer IT-Ressourcen angewiesen. Bei <a href=\"\/en\/\">Recylotronix<\/a> bieten wir Ihnen umfassende L\u00f6sungen f\u00fcr den <strong>Elektronik Ankauf<\/strong> in und um Leipzig, die auf Fachkenntnis und Umweltbewusstsein setzen. <a href=\"https:\/\/recyclotronix.com\/en\/dienstleistungen-fuer-hersteller\/\">Our Services<\/a> sind speziell auf die Bed\u00fcrfnisse von Unternehmen zugeschnitten, die gr\u00f6\u00dfere Mengen an Altger\u00e4ten und Elektronikschrott sicher und effizient entsorgen m\u00f6chten.<\/p>\t\t\t\t\t\t\t\t<\/div>\n\t\t\t\t<\/div>\n\t\t\t\t<div class=\"elementor-element elementor-element-07159a8 elementor-invisible elementor-widget elementor-widget-heading\" data-id=\"07159a8\" data-element_type=\"widget\" data-e-type=\"widget\" data-settings=\"{&quot;_animation&quot;:&quot;fadeInUp&quot;}\" data-widget_type=\"heading.default\">\n\t\t\t\t<div class=\"elementor-widget-container\">\n\t\t\t\t\t<h3 class=\"elementor-heading-title elementor-size-default\">Ihre Vorteile beim Ankauf Ihrer gebrauchten Elektronik durch Recyclotronix<\/h3>\t\t\t\t<\/div>\n\t\t\t\t<\/div>\n\t\t\t\t<div class=\"elementor-element elementor-element-350ad75 elementor-widget elementor-widget-text-editor\" data-id=\"350ad75\" data-element_type=\"widget\" data-e-type=\"widget\" data-widget_type=\"text-editor.default\">\n\t\t\t\t<div class=\"elementor-widget-container\">\n\t\t\t\t\t\t\t\t\t<p><a href=\"https:\/\/recyclotronix.com\/en\/dienstleistungen-fuer-hersteller\/\">Our Service<\/a> f\u00fcr den<strong> Elektronik Ankauf <\/strong>in und um Leipzig bietet Ihnen zahlreiche Vorteile. Ob es sich um <strong>gebrauchte Ger\u00e4te<\/strong>, gr\u00f6\u00dfere Mengen an IT-Altger\u00e4ten oder einzelne Komponenten handelt \u2013 wir garantieren eine fachgerechte Bewertung und Abwicklung. Unser Team sorgt daf\u00fcr, dass Ihre <strong>Ger\u00e4te <\/strong>zu fairen Marktpreisen angekauft werden, wobei wir auf eine sorgf\u00e4ltige Analyse und transparente Preisgestaltung setzen. Durch unsere intelligenten Preisanalytik-Tools k\u00f6nnen wir sicherstellen, dass Sie den besten Wert f\u00fcr Ihre Elektronik erhalten.<\/p>\t\t\t\t\t\t\t\t<\/div>\n\t\t\t\t<\/div>\n\t\t\t\t<div class=\"elementor-element elementor-element-fe930eb elementor-invisible elementor-widget elementor-widget-heading\" data-id=\"fe930eb\" data-element_type=\"widget\" data-e-type=\"widget\" data-settings=\"{&quot;_animation&quot;:&quot;fadeInUp&quot;}\" data-widget_type=\"heading.default\">\n\t\t\t\t<div class=\"elementor-widget-container\">\n\t\t\t\t\t<h3 class=\"elementor-heading-title elementor-size-default\">Zertifizierte Datenvernichtung f\u00fcr Ihre Sicherheit<\/h3>\t\t\t\t<\/div>\n\t\t\t\t<\/div>\n\t\t\t\t<div class=\"elementor-element elementor-element-b1c5294 elementor-widget elementor-widget-text-editor\" data-id=\"b1c5294\" data-element_type=\"widget\" data-e-type=\"widget\" data-widget_type=\"text-editor.default\">\n\t\t\t\t<div class=\"elementor-widget-container\">\n\t\t\t\t\t\t\t\t\t<p>Ein besonders wichtiger Aspekt bei der Entsorgung von<strong> IT-Ger\u00e4ten<\/strong> ist die sichere Datenl\u00f6schung. Bei Recyclotronix legen wir gro\u00dfen Wert auf die Einhaltung h\u00f6chster Sicherheitsstandards. Unsere Datenvernichtung erfolgt gem\u00e4\u00df der DIN 66399, einem internationalen Standard f\u00fcr die Vernichtung von Datentr\u00e4gern. Dies bedeutet, dass wir Ihre <a href=\"https:\/\/recyclotronix.com\/en\/festplatten-entsorgen-firma\/\">Hard drives<\/a> und andere Speichermedien auf sichere und zertifizierte Weise vernichten, um Ihre vertraulichen Informationen vor Missbrauch zu sch\u00fctzen. Unsere Kunden k\u00f6nnen sich auf eine l\u00fcckenlose Dokumentation und Zertifizierung verlassen, die die vollst\u00e4ndige Datenl\u00f6schung beim <strong>Elektronik Ankauf<\/strong> in und um Leipzig belegt.<\/p>\t\t\t\t\t\t\t\t<\/div>\n\t\t\t\t<\/div>\n\t\t\t\t<div class=\"elementor-element elementor-element-3569bfa elementor-invisible elementor-widget elementor-widget-heading\" data-id=\"3569bfa\" data-element_type=\"widget\" data-e-type=\"widget\" data-settings=\"{&quot;_animation&quot;:&quot;fadeInUp&quot;}\" data-widget_type=\"heading.default\">\n\t\t\t\t<div class=\"elementor-widget-container\">\n\t\t\t\t\t<h3 class=\"elementor-heading-title elementor-size-default\">Nachhaltigkeit und Umweltbewusstsein<\/h3>\t\t\t\t<\/div>\n\t\t\t\t<\/div>\n\t\t\t\t<div class=\"elementor-element elementor-element-0111fe3 elementor-widget elementor-widget-text-editor\" data-id=\"0111fe3\" data-element_type=\"widget\" data-e-type=\"widget\" data-widget_type=\"text-editor.default\">\n\t\t\t\t<div class=\"elementor-widget-container\">\n\t\t\t\t\t\t\t\t\t<p>Neben der sicheren Datenvernichtung legen wir gro\u00dfen Wert auf nachhaltige Entsorgungspraktiken. Unser Ansatz zum <strong>Elektronik Ankauf<\/strong> umfasst nicht nur den Ankauf und die fachgerechte Entsorgung, sondern auch das verantwortungsvolle Recycling von Altger\u00e4ten in Leipzig. Wir arbeiten eng mit zertifizierten Recyclingzentren zusammen, um sicherzustellen, dass alle <strong>Ger\u00e4te <\/strong>und <strong>Komponenten <\/strong>umweltfreundlich verarbeitet werden. Dies reduziert nicht nur die Umweltbelastung, sondern f\u00f6rdert auch eine ressourcenschonende Kreislaufwirtschaft.<\/p>\t\t\t\t\t\t\t\t<\/div>\n\t\t\t\t<\/div>\n\t\t\t\t<div class=\"elementor-element elementor-element-edd5d05 elementor-invisible elementor-widget elementor-widget-heading\" data-id=\"edd5d05\" data-element_type=\"widget\" data-e-type=\"widget\" data-settings=\"{&quot;_animation&quot;:&quot;fadeInUp&quot;}\" data-widget_type=\"heading.default\">\n\t\t\t\t<div class=\"elementor-widget-container\">\n\t\t\t\t\t<h4 class=\"elementor-heading-title elementor-size-default\">Nutzen Sie unseren Ankauf f\u00fcr gebrauchte Ger\u00e4te in Leipzig<\/h4>\t\t\t\t<\/div>\n\t\t\t\t<\/div>\n\t\t\t\t<div class=\"elementor-element elementor-element-bbfbf9e elementor-widget elementor-widget-text-editor\" data-id=\"bbfbf9e\" data-element_type=\"widget\" data-e-type=\"widget\" data-widget_type=\"text-editor.default\">\n\t\t\t\t<div class=\"elementor-widget-container\">\n\t\t\t\t\t\t\t\t\t<p>Vertrauen Sie <a href=\"\/en\/\">Recylotronix<\/a> f\u00fcr Ihren <strong>Elektronik Ankauf<\/strong> in und um Leipzig und profitieren Sie von unserem umfassenden Serviceangebot. Unser erfahrenes Team steht Ihnen zur Seite, um Ihre IT-Ressourcen effizient zu bewerten und sicher zu entsorgen. Kontaktieren Sie uns noch heute, um mehr \u00fcber unsere Dienstleistungen zu erfahren und einen Termin f\u00fcr die <strong>Abholung Ihrer Ger\u00e4te<\/strong> zu vereinbaren. Setzen Sie auf Sicherheit, Nachhaltigkeit und Fachkompetenz \u2013 wir freuen uns auf Ihre Anfrage!<\/p>\t\t\t\t\t\t\t\t<\/div>\n\t\t\t\t<\/div>\n\t\t\t\t<\/div>\n\t\t\t\t\t<\/div>\n\t\t\t\t<\/div>\n\t\t\t\t<\/div>","protected":false},"excerpt":{"rendered":"<p>Elektronik-Einkaufszentrum in Leipzig \u2013 Schnell &amp; Zertifiziert Zertifizierte und vorschriftsm\u00e4\u00dfige Elektronikentsorgung in Leipzig In der dynamischen Welt von heute sind Unternehmen auf eine effiziente und zuverl\u00e4ssige Verwaltung ihrer IT-Ressourcen angewiesen. Bei Recyclotronix bieten wir Ihnen umfassende L\u00f6sungen f\u00fcr den Elektronik Ankauf in und um Leipzig, die auf Fachkenntnis und Umweltbewusstsein setzen. Unsere Dienstleistungen sind speziell [&hellip;]<\/p>\n","protected":false},"author":2,"featured_media":0,"parent":0,"menu_order":0,"comment_status":"closed","ping_status":"closed","template":"elementor_header_footer","meta":{"footnotes":""},"class_list":["post-1043","page","type-page","status-publish","hentry"],"yoast_head":"<!-- This site is optimized with the Yoast SEO plugin v27.3 - https:\/\/yoast.com\/product\/yoast-seo-wordpress\/ -->\n<title>Elektronik Ankauf in Leipzig Zertifizierte Datenvernichtung<\/title>\n<meta name=\"description\" content=\"Elektronik Ankauf in Leipzig f\u00fcr Gesch\u00e4ftskunden \u2013 Recyclotronix ist Ihr zertifiziertes Unternehmen f\u00fcr fachgerechte Entsorgung und nachhaltiges Recycling.\" \/>\n<meta name=\"robots\" content=\"index, follow, max-snippet:-1, max-image-preview:large, max-video-preview:-1\" \/>\n<link rel=\"canonical\" href=\"https:\/\/recyclotronix.com\/en\/elektronik-ankauf-leipzig\/\" \/>\n<meta property=\"og:locale\" content=\"en_US\" \/>\n<meta property=\"og:type\" content=\"article\" \/>\n<meta property=\"og:title\" content=\"Elektronik Ankauf in Leipzig Zertifizierte Datenvernichtung\" \/>\n<meta property=\"og:description\" content=\"Elektronik Ankauf in Leipzig f\u00fcr Gesch\u00e4ftskunden \u2013 Recyclotronix ist Ihr zertifiziertes Unternehmen f\u00fcr fachgerechte Entsorgung und nachhaltiges Recycling.\" \/>\n<meta property=\"og:url\" content=\"https:\/\/recyclotronix.com\/en\/elektronik-ankauf-leipzig\/\" \/>\n<meta property=\"og:site_name\" content=\"Recyclotronix GmbH\" \/>\n<meta property=\"article:modified_time\" content=\"2026-04-05T11:53:24+00:00\" \/>\n<meta name=\"twitter:card\" content=\"summary_large_image\" \/>\n<meta name=\"twitter:label1\" content=\"Est. reading time\" \/>\n\t<meta name=\"twitter:data1\" content=\"2 minutes\" \/>\n<script type=\"application\/ld+json\" class=\"yoast-schema-graph\">{\"@context\":\"https:\\\/\\\/schema.org\",\"@graph\":[{\"@type\":\"WebPage\",\"@id\":\"https:\\\/\\\/recyclotronix.com\\\/elektronik-ankauf-leipzig\\\/\",\"url\":\"https:\\\/\\\/recyclotronix.com\\\/elektronik-ankauf-leipzig\\\/\",\"name\":\"Elektronik Ankauf in Leipzig Zertifizierte Datenvernichtung\",\"isPartOf\":{\"@id\":\"https:\\\/\\\/recyclotronix.com\\\/#website\"},\"datePublished\":\"2024-08-23T10:03:03+00:00\",\"dateModified\":\"2026-04-05T11:53:24+00:00\",\"description\":\"Elektronik Ankauf in Leipzig f\u00fcr Gesch\u00e4ftskunden \u2013 Recyclotronix ist Ihr zertifiziertes Unternehmen f\u00fcr fachgerechte Entsorgung und nachhaltiges Recycling.\",\"breadcrumb\":{\"@id\":\"https:\\\/\\\/recyclotronix.com\\\/elektronik-ankauf-leipzig\\\/#breadcrumb\"},\"inLanguage\":\"en-US\",\"potentialAction\":[{\"@type\":\"ReadAction\",\"target\":[\"https:\\\/\\\/recyclotronix.com\\\/elektronik-ankauf-leipzig\\\/\"]}]},{\"@type\":\"BreadcrumbList\",\"@id\":\"https:\\\/\\\/recyclotronix.com\\\/elektronik-ankauf-leipzig\\\/#breadcrumb\",\"itemListElement\":[{\"@type\":\"ListItem\",\"position\":1,\"name\":\"Home\",\"item\":\"https:\\\/\\\/recyclotronix.com\\\/\"},{\"@type\":\"ListItem\",\"position\":2,\"name\":\"Elektronik Ankauf Leipzig\"}]},{\"@type\":\"WebSite\",\"@id\":\"https:\\\/\\\/recyclotronix.com\\\/#website\",\"url\":\"https:\\\/\\\/recyclotronix.com\\\/\",\"name\":\"Recyclotronix GmbH\",\"description\":\"Revitalize. Reuse. Recycle.\",\"publisher\":{\"@id\":\"https:\\\/\\\/recyclotronix.com\\\/#organization\"},\"potentialAction\":[{\"@type\":\"SearchAction\",\"target\":{\"@type\":\"EntryPoint\",\"urlTemplate\":\"https:\\\/\\\/recyclotronix.com\\\/?s={search_term_string}\"},\"query-input\":{\"@type\":\"PropertyValueSpecification\",\"valueRequired\":true,\"valueName\":\"search_term_string\"}}],\"inLanguage\":\"en-US\"},{\"@type\":\"Organization\",\"@id\":\"https:\\\/\\\/recyclotronix.com\\\/#organization\",\"name\":\"Recyclotronix GmbH\",\"url\":\"https:\\\/\\\/recyclotronix.com\\\/\",\"logo\":{\"@type\":\"ImageObject\",\"inLanguage\":\"en-US\",\"@id\":\"https:\\\/\\\/recyclotronix.com\\\/#\\\/schema\\\/logo\\\/image\\\/\",\"url\":\"https:\\\/\\\/recyclotronix.com\\\/wp-content\\\/uploads\\\/2023\\\/08\\\/logo-png-1.png\",\"contentUrl\":\"https:\\\/\\\/recyclotronix.com\\\/wp-content\\\/uploads\\\/2023\\\/08\\\/logo-png-1.png\",\"width\":2560,\"height\":2451,\"caption\":\"Recyclotronix GmbH\"},\"image\":{\"@id\":\"https:\\\/\\\/recyclotronix.com\\\/#\\\/schema\\\/logo\\\/image\\\/\"}}]}<\/script>\n<!-- \/ Yoast SEO plugin. -->","yoast_head_json":{"title":"Elektronik Ankauf in Leipzig Zertifizierte Datenvernichtung","description":"Elektronik Ankauf in Leipzig f\u00fcr Gesch\u00e4ftskunden \u2013 Recyclotronix ist Ihr zertifiziertes Unternehmen f\u00fcr fachgerechte Entsorgung und nachhaltiges Recycling.","robots":{"index":"index","follow":"follow","max-snippet":"max-snippet:-1","max-image-preview":"max-image-preview:large","max-video-preview":"max-video-preview:-1"},"canonical":"https:\/\/recyclotronix.com\/en\/elektronik-ankauf-leipzig\/","og_locale":"en_US","og_type":"article","og_title":"Elektronik Ankauf in Leipzig Zertifizierte Datenvernichtung","og_description":"Elektronik Ankauf in Leipzig f\u00fcr Gesch\u00e4ftskunden \u2013 Recyclotronix ist Ihr zertifiziertes Unternehmen f\u00fcr fachgerechte Entsorgung und nachhaltiges Recycling.","og_url":"https:\/\/recyclotronix.com\/en\/elektronik-ankauf-leipzig\/","og_site_name":"Recyclotronix GmbH","article_modified_time":"2026-04-05T11:53:24+00:00","twitter_card":"summary_large_image","twitter_misc":{"Est. reading time":"2 minutes"},"schema":{"@context":"https:\/\/schema.org","@graph":[{"@type":"WebPage","@id":"https:\/\/recyclotronix.com\/elektronik-ankauf-leipzig\/","url":"https:\/\/recyclotronix.com\/elektronik-ankauf-leipzig\/","name":"Elektronik Ankauf in Leipzig Zertifizierte Datenvernichtung","isPartOf":{"@id":"https:\/\/recyclotronix.com\/#website"},"datePublished":"2024-08-23T10:03:03+00:00","dateModified":"2026-04-05T11:53:24+00:00","description":"Elektronik Ankauf in Leipzig f\u00fcr Gesch\u00e4ftskunden \u2013 Recyclotronix ist Ihr zertifiziertes Unternehmen f\u00fcr fachgerechte Entsorgung und nachhaltiges Recycling.","breadcrumb":{"@id":"https:\/\/recyclotronix.com\/elektronik-ankauf-leipzig\/#breadcrumb"},"inLanguage":"en-US","potentialAction":[{"@type":"ReadAction","target":["https:\/\/recyclotronix.com\/elektronik-ankauf-leipzig\/"]}]},{"@type":"BreadcrumbList","@id":"https:\/\/recyclotronix.com\/elektronik-ankauf-leipzig\/#breadcrumb","itemListElement":[{"@type":"ListItem","position":1,"name":"Home","item":"https:\/\/recyclotronix.com\/"},{"@type":"ListItem","position":2,"name":"Elektronik Ankauf Leipzig"}]},{"@type":"WebSite","@id":"https:\/\/recyclotronix.com\/#website","url":"https:\/\/recyclotronix.com\/","name":"Recyclotronix GmbH","description":"Revitalize. Reuse. Recycle.","publisher":{"@id":"https:\/\/recyclotronix.com\/#organization"},"potentialAction":[{"@type":"SearchAction","target":{"@type":"EntryPoint","urlTemplate":"https:\/\/recyclotronix.com\/?s={search_term_string}"},"query-input":{"@type":"PropertyValueSpecification","valueRequired":true,"valueName":"search_term_string"}}],"inLanguage":"en-US"},{"@type":"Organization","@id":"https:\/\/recyclotronix.com\/#organization","name":"Recyclotronix GmbH","url":"https:\/\/recyclotronix.com\/","logo":{"@type":"ImageObject","inLanguage":"en-US","@id":"https:\/\/recyclotronix.com\/#\/schema\/logo\/image\/","url":"https:\/\/recyclotronix.com\/wp-content\/uploads\/2023\/08\/logo-png-1.png","contentUrl":"https:\/\/recyclotronix.com\/wp-content\/uploads\/2023\/08\/logo-png-1.png","width":2560,"height":2451,"caption":"Recyclotronix GmbH"},"image":{"@id":"https:\/\/recyclotronix.com\/#\/schema\/logo\/image\/"}}]}},"_links":{"self":[{"href":"https:\/\/recyclotronix.com\/en\/wp-json\/wp\/v2\/pages\/1043","targetHints":{"allow":["GET"]}}],"collection":[{"href":"https:\/\/recyclotronix.com\/en\/wp-json\/wp\/v2\/pages"}],"about":[{"href":"https:\/\/recyclotronix.com\/en\/wp-json\/wp\/v2\/types\/page"}],"author":[{"embeddable":true,"href":"https:\/\/recyclotronix.com\/en\/wp-json\/wp\/v2\/users\/2"}],"replies":[{"embeddable":true,"href":"https:\/\/recyclotronix.com\/en\/wp-json\/wp\/v2\/comments?post=1043"}],"version-history":[{"count":13,"href":"https:\/\/recyclotronix.com\/en\/wp-json\/wp\/v2\/pages\/1043\/revisions"}],"predecessor-version":[{"id":2245,"href":"https:\/\/recyclotronix.com\/en\/wp-json\/wp\/v2\/pages\/1043\/revisions\/2245"}],"wp:attachment":[{"href":"https:\/\/recyclotronix.com\/en\/wp-json\/wp\/v2\/media?parent=1043"}],"curies":[{"name":"wp","href":"https:\/\/api.w.org\/{rel}","templated":true}]}}