{"id":1038,"date":"2024-08-23T11:02:08","date_gmt":"2024-08-23T10:02:08","guid":{"rendered":"https:\/\/recyclotronix.com\/?page_id=1038"},"modified":"2026-04-05T13:55:06","modified_gmt":"2026-04-05T11:55:06","slug":"server-entsorgen","status":"publish","type":"page","link":"https:\/\/recyclotronix.com\/en\/server-entsorgen\/","title":{"rendered":"Server entsorgen"},"content":{"rendered":"<div data-elementor-type=\"wp-page\" data-elementor-id=\"1038\" class=\"elementor elementor-1038\" data-elementor-post-type=\"page\">\n\t\t\t\t<div class=\"elementor-element elementor-element-3c28c5e e-flex e-con-boxed e-con e-parent\" data-id=\"3c28c5e\" data-element_type=\"container\" data-e-type=\"container\" data-settings=\"{&quot;background_background&quot;:&quot;classic&quot;}\">\n\t\t\t\t\t<div class=\"e-con-inner\">\n\t\t\t\t<div class=\"elementor-element elementor-element-bf37108 animated-slow elementor-invisible elementor-widget elementor-widget-heading\" data-id=\"bf37108\" data-element_type=\"widget\" data-e-type=\"widget\" data-settings=\"{&quot;_animation&quot;:&quot;slideInUp&quot;}\" data-widget_type=\"heading.default\">\n\t\t\t\t<div class=\"elementor-widget-container\">\n\t\t\t\t\t<h1 class=\"elementor-heading-title elementor-size-default\">Entsorgung von Firmenservern \u2013 Sicher, zertifiziert und effizient<\/h1>\t\t\t\t<\/div>\n\t\t\t\t<\/div>\n\t\t\t\t<div class=\"elementor-element elementor-element-603899c animated-slow elementor-invisible elementor-widget elementor-widget-heading\" data-id=\"603899c\" data-element_type=\"widget\" data-e-type=\"widget\" data-settings=\"{&quot;_animation&quot;:&quot;slideInUp&quot;}\" data-widget_type=\"heading.default\">\n\t\t\t\t<div class=\"elementor-widget-container\">\n\t\t\t\t\t<h2 class=\"elementor-heading-title elementor-size-default\">Unser professioneller Serverentsorgungsprozess<\/h2>\t\t\t\t<\/div>\n\t\t\t\t<\/div>\n\t\t\t\t\t<\/div>\n\t\t\t\t<\/div>\n\t\t<div class=\"elementor-element elementor-element-1f0ee332 e-flex e-con-boxed e-con e-parent\" data-id=\"1f0ee332\" data-element_type=\"container\" data-e-type=\"container\">\n\t\t\t\t\t<div class=\"e-con-inner\">\n\t\t<div class=\"elementor-element elementor-element-69dae134 e-con-full e-flex e-con e-child\" data-id=\"69dae134\" data-element_type=\"container\" data-e-type=\"container\">\n\t\t\t\t<div class=\"elementor-element elementor-element-30528f09 elementor-widget elementor-widget-text-editor\" data-id=\"30528f09\" data-element_type=\"widget\" data-e-type=\"widget\" data-widget_type=\"text-editor.default\">\n\t\t\t\t<div class=\"elementor-widget-container\">\n\t\t\t\t\t\t\t\t\t<p>Server und <strong>IT-Ger\u00e4te<\/strong> zu entsorgen ist eine wesentliche Aufgabe f\u00fcr jedes Unternehmen, das seine IT-Infrastruktur aktualisieren oder abbauen m\u00f6chte. Bei Recyclotronix bieten wir Ihnen umfassende und <strong>DIN-zertifizierte<\/strong> Dienstleistungen zur <strong>fachgerechten Entsorgung<\/strong> Ihrer Server und <strong>Altger\u00e4te<\/strong>. Unsere Expertise und unser Engagement f\u00fcr verantwortungsvolle <strong>Disposal <\/strong>und Datenl\u00f6schung stellen sicher, dass Ihre IT-Ressourcen sicher und effizient behandelt werden.<\/p>\t\t\t\t\t\t\t\t<\/div>\n\t\t\t\t<\/div>\n\t\t\t\t<div class=\"elementor-element elementor-element-07159a8 elementor-invisible elementor-widget elementor-widget-heading\" data-id=\"07159a8\" data-element_type=\"widget\" data-e-type=\"widget\" data-settings=\"{&quot;_animation&quot;:&quot;fadeInUp&quot;}\" data-widget_type=\"heading.default\">\n\t\t\t\t<div class=\"elementor-widget-container\">\n\t\t\t\t\t<h3 class=\"elementor-heading-title elementor-size-default\">Zertifizierte Datenl\u00f6schung und Entsorgung Ihrer Server<\/h3>\t\t\t\t<\/div>\n\t\t\t\t<\/div>\n\t\t\t\t<div class=\"elementor-element elementor-element-350ad75 elementor-widget elementor-widget-text-editor\" data-id=\"350ad75\" data-element_type=\"widget\" data-e-type=\"widget\" data-widget_type=\"text-editor.default\">\n\t\t\t\t<div class=\"elementor-widget-container\">\n\t\t\t\t\t\t\t\t\t<p>Der Entsorgungsprozess f\u00fcr Server beginnt mit der sicheren und ordnungsgem\u00e4\u00dfen Vorbereitung der <strong>Ger\u00e4te<\/strong>. Bei <a href=\"\/en\/\">Recylotronix<\/a> gew\u00e4hrleisten wir, dass Ihre gebrauchten Server nicht nur gem\u00e4\u00df den gesetzlichen Vorschriften entsorgt werden, sondern auch, dass sensible Daten zuverl\u00e4ssig gel\u00f6scht werden. Unsere zertifizierten Verfahren zur Datenl\u00f6schung stellen sicher, dass keine vertraulichen Informationen aus den <a href=\"https:\/\/recyclotronix.com\/en\/festplatten-entsorgen\/\">Hard drives<\/a> wiederhergestellt werden k\u00f6nnen. Dies sch\u00fctzt Ihr Unternehmen vor m\u00f6glichen Sicherheitsrisiken und gew\u00e4hrleistet den vollst\u00e4ndigen Datenschutz gem\u00e4\u00df der Datenschutz-Grundverordnung (DSGVO).<\/p><p>Die DSGVO legt strenge Richtlinien f\u00fcr den Schutz personenbezogener Daten fest und verlangt, dass Unternehmen geeignete Ma\u00dfnahmen ergreifen, um die Vertraulichkeit und Integrit\u00e4t dieser Daten zu gew\u00e4hrleisten. Bei Recyclotronix haben wir die Sicherheitsstufe 3, die h\u00f6chste Stufe, implementiert, um sicherzustellen, dass alle Datenl\u00f6schungs- und Entsorgungsprozesse den h\u00f6chsten Sicherheitsstandards entsprechen. Diese Sicherheitsstufe bietet maximale Sicherheit und minimiert das Risiko eines unbefugten Zugriffs auf Ihre Daten.<\/p><p>Die sichere Datenl\u00f6schung ist ein entscheidender Aspekt, wenn es darum geht, Server zu entsorgen. Unser Team verwendet fortschrittliche Technologien und Methoden zur Datenvernichtung, die den h\u00f6chsten Sicherheitsanforderungen gerecht werden. Nach der Datenl\u00f6schung werden die Ger\u00e4te einer gr\u00fcndlichen \u00dcberpr\u00fcfung und dem Recyclingprozess unterzogen, um wertvolle Materialien zur\u00fcckzugewinnen und die Umweltbelastung zu minimieren. So garantieren wir nicht nur den Schutz Ihrer Daten, sondern auch eine nachhaltige und umweltfreundliche Entsorgung.<\/p>\t\t\t\t\t\t\t\t<\/div>\n\t\t\t\t<\/div>\n\t\t\t\t<div class=\"elementor-element elementor-element-5198bfe elementor-invisible elementor-widget elementor-widget-heading\" data-id=\"5198bfe\" data-element_type=\"widget\" data-e-type=\"widget\" data-settings=\"{&quot;_animation&quot;:&quot;fadeInUp&quot;}\" data-widget_type=\"heading.default\">\n\t\t\t\t<div class=\"elementor-widget-container\">\n\t\t\t\t\t<h3 class=\"elementor-heading-title elementor-size-default\">Umfassende Dienstleistungen f\u00fcr Unternehmen<\/h3>\t\t\t\t<\/div>\n\t\t\t\t<\/div>\n\t\t\t\t<div class=\"elementor-element elementor-element-7df539f elementor-widget elementor-widget-text-editor\" data-id=\"7df539f\" data-element_type=\"widget\" data-e-type=\"widget\" data-widget_type=\"text-editor.default\">\n\t\t\t\t<div class=\"elementor-widget-container\">\n\t\t\t\t\t\t\t\t\t<p>Neben der sicheren Datenl\u00f6schung und dem Recycling bieten wir Ihnen auch die Abholung und Demontage Ihrer IT-Ger\u00e4te und Server an. Unser Service umfasst die gesamte Abwicklung von der Abholung der <strong>Altger\u00e4te <\/strong>bis zur fachgerechten Demontage und <strong>Disposal<\/strong>. Wir arbeiten eng mit Ihnen zusammen, um einen reibungslosen Ablauf und minimale Unterbrechungen Ihres Gesch\u00e4ftsbetriebs zu gew\u00e4hrleisten. Durch unsere professionellen und effizienten <a href=\"https:\/\/recyclotronix.com\/en\/dienstleistungen-fuer-hersteller\/\">Dienstleistungen<\/a> k\u00f6nnen Sie sicher sein, dass Ihre Server und weiteren IT-<strong>Ger\u00e4te <\/strong>verantwortungsvoll und umweltbewusst entsorgt werden.<\/p>\t\t\t\t\t\t\t\t<\/div>\n\t\t\t\t<\/div>\n\t\t\t\t<div class=\"elementor-element elementor-element-da1c349 elementor-invisible elementor-widget elementor-widget-heading\" data-id=\"da1c349\" data-element_type=\"widget\" data-e-type=\"widget\" data-settings=\"{&quot;_animation&quot;:&quot;fadeInUp&quot;}\" data-widget_type=\"heading.default\">\n\t\t\t\t<div class=\"elementor-widget-container\">\n\t\t\t\t\t<h4 class=\"elementor-heading-title elementor-size-default\">Gebrauchte Server entsorgen<\/h4>\t\t\t\t<\/div>\n\t\t\t\t<\/div>\n\t\t\t\t<div class=\"elementor-element elementor-element-99e67cd elementor-widget elementor-widget-text-editor\" data-id=\"99e67cd\" data-element_type=\"widget\" data-e-type=\"widget\" data-widget_type=\"text-editor.default\">\n\t\t\t\t<div class=\"elementor-widget-container\">\n\t\t\t\t\t\t\t\t\t<p>Wenn Sie Ihre Server und<strong> IT-Ger\u00e4te<\/strong> sicher und fachgerecht entsorgen m\u00f6chten, ist Recyclotronix Ihr idealer Partner. Unser engagiertes Team steht Ihnen f\u00fcr alle Fragen zur Verf\u00fcgung und sorgt daf\u00fcr, dass Ihre Entsorgungsvorg\u00e4nge reibungslos und gem\u00e4\u00df den h\u00f6chsten Standards durchgef\u00fchrt werden. Kontaktieren Sie uns noch heute, um mehr \u00fcber unsere Dienstleistungen zu erfahren und einen Termin f\u00fcr die Abholung und <strong>Disposal <\/strong>Ihrer IT-Ressourcen zu vereinbaren. Vertrauen Sie auf unsere Expertise und tragen Sie zur Sicherheit und Nachhaltigkeit Ihres Unternehmens bei.<\/p>\t\t\t\t\t\t\t\t<\/div>\n\t\t\t\t<\/div>\n\t\t\t\t<\/div>\n\t\t\t\t\t<\/div>\n\t\t\t\t<\/div>\n\t\t\t\t<\/div>","protected":false},"excerpt":{"rendered":"<p>Entsorgung von Firmenservern \u2013 Sicher, zertifiziert und effizient Unser professioneller Serverentsorgungsprozess Server und IT-Ger\u00e4te zu entsorgen ist eine wesentliche Aufgabe f\u00fcr jedes Unternehmen, das seine IT-Infrastruktur aktualisieren oder abbauen m\u00f6chte. Bei Recyclotronix bieten wir Ihnen umfassende und DIN-zertifizierte Dienstleistungen zur fachgerechten Entsorgung Ihrer Server und Altger\u00e4te. Unsere Expertise und unser Engagement f\u00fcr verantwortungsvolle Entsorgung und [&hellip;]<\/p>\n","protected":false},"author":2,"featured_media":0,"parent":0,"menu_order":0,"comment_status":"closed","ping_status":"closed","template":"elementor_header_footer","meta":{"footnotes":""},"class_list":["post-1038","page","type-page","status-publish","hentry"],"yoast_head":"<!-- This site is optimized with the Yoast SEO plugin v27.5 - https:\/\/yoast.com\/product\/yoast-seo-wordpress\/ -->\n<title>Server entsorgen IT Recycling &amp; Datenvernichtung Service DE<\/title>\n<meta name=\"description\" content=\"Server fachgerecht entsorgen mit Recyclotronix \u2013 Ihr zertifizierter ITAD Service mit professioneller Demontage, sicherer Datenl\u00f6schung und Recycling f\u00fcr Sie.\" \/>\n<meta name=\"robots\" content=\"index, follow, max-snippet:-1, max-image-preview:large, max-video-preview:-1\" \/>\n<link rel=\"canonical\" href=\"https:\/\/recyclotronix.com\/en\/server-entsorgen\/\" \/>\n<meta property=\"og:locale\" content=\"en_US\" \/>\n<meta property=\"og:type\" content=\"article\" \/>\n<meta property=\"og:title\" content=\"Server entsorgen IT Recycling &amp; Datenvernichtung Service DE\" \/>\n<meta property=\"og:description\" content=\"Server fachgerecht entsorgen mit Recyclotronix \u2013 Ihr zertifizierter ITAD Service mit professioneller Demontage, sicherer Datenl\u00f6schung und Recycling f\u00fcr Sie.\" \/>\n<meta property=\"og:url\" content=\"https:\/\/recyclotronix.com\/en\/server-entsorgen\/\" \/>\n<meta property=\"og:site_name\" content=\"Recyclotronix GmbH\" \/>\n<meta property=\"article:modified_time\" content=\"2026-04-05T11:55:06+00:00\" \/>\n<meta name=\"twitter:card\" content=\"summary_large_image\" \/>\n<meta name=\"twitter:label1\" content=\"Est. reading time\" \/>\n\t<meta name=\"twitter:data1\" content=\"2 minutes\" \/>\n<script type=\"application\/ld+json\" class=\"yoast-schema-graph\">{\"@context\":\"https:\\\/\\\/schema.org\",\"@graph\":[{\"@type\":\"WebPage\",\"@id\":\"https:\\\/\\\/recyclotronix.com\\\/server-entsorgen\\\/\",\"url\":\"https:\\\/\\\/recyclotronix.com\\\/server-entsorgen\\\/\",\"name\":\"Server entsorgen IT Recycling & Datenvernichtung Service DE\",\"isPartOf\":{\"@id\":\"https:\\\/\\\/recyclotronix.com\\\/#website\"},\"datePublished\":\"2024-08-23T10:02:08+00:00\",\"dateModified\":\"2026-04-05T11:55:06+00:00\",\"description\":\"Server fachgerecht entsorgen mit Recyclotronix \u2013 Ihr zertifizierter ITAD Service mit professioneller Demontage, sicherer Datenl\u00f6schung und Recycling f\u00fcr Sie.\",\"breadcrumb\":{\"@id\":\"https:\\\/\\\/recyclotronix.com\\\/server-entsorgen\\\/#breadcrumb\"},\"inLanguage\":\"en-US\",\"potentialAction\":[{\"@type\":\"ReadAction\",\"target\":[\"https:\\\/\\\/recyclotronix.com\\\/server-entsorgen\\\/\"]}]},{\"@type\":\"BreadcrumbList\",\"@id\":\"https:\\\/\\\/recyclotronix.com\\\/server-entsorgen\\\/#breadcrumb\",\"itemListElement\":[{\"@type\":\"ListItem\",\"position\":1,\"name\":\"Home\",\"item\":\"https:\\\/\\\/recyclotronix.com\\\/\"},{\"@type\":\"ListItem\",\"position\":2,\"name\":\"Server entsorgen\"}]},{\"@type\":\"WebSite\",\"@id\":\"https:\\\/\\\/recyclotronix.com\\\/#website\",\"url\":\"https:\\\/\\\/recyclotronix.com\\\/\",\"name\":\"Recyclotronix GmbH\",\"description\":\"Revitalize. Reuse. Recycle.\",\"publisher\":{\"@id\":\"https:\\\/\\\/recyclotronix.com\\\/#organization\"},\"potentialAction\":[{\"@type\":\"SearchAction\",\"target\":{\"@type\":\"EntryPoint\",\"urlTemplate\":\"https:\\\/\\\/recyclotronix.com\\\/?s={search_term_string}\"},\"query-input\":{\"@type\":\"PropertyValueSpecification\",\"valueRequired\":true,\"valueName\":\"search_term_string\"}}],\"inLanguage\":\"en-US\"},{\"@type\":\"Organization\",\"@id\":\"https:\\\/\\\/recyclotronix.com\\\/#organization\",\"name\":\"Recyclotronix GmbH\",\"url\":\"https:\\\/\\\/recyclotronix.com\\\/\",\"logo\":{\"@type\":\"ImageObject\",\"inLanguage\":\"en-US\",\"@id\":\"https:\\\/\\\/recyclotronix.com\\\/#\\\/schema\\\/logo\\\/image\\\/\",\"url\":\"https:\\\/\\\/recyclotronix.com\\\/wp-content\\\/uploads\\\/2023\\\/08\\\/logo-png-1.png\",\"contentUrl\":\"https:\\\/\\\/recyclotronix.com\\\/wp-content\\\/uploads\\\/2023\\\/08\\\/logo-png-1.png\",\"width\":2560,\"height\":2451,\"caption\":\"Recyclotronix GmbH\"},\"image\":{\"@id\":\"https:\\\/\\\/recyclotronix.com\\\/#\\\/schema\\\/logo\\\/image\\\/\"}}]}<\/script>\n<!-- \/ Yoast SEO plugin. -->","yoast_head_json":{"title":"Server entsorgen IT Recycling & Datenvernichtung Service DE","description":"Server fachgerecht entsorgen mit Recyclotronix \u2013 Ihr zertifizierter ITAD Service mit professioneller Demontage, sicherer Datenl\u00f6schung und Recycling f\u00fcr Sie.","robots":{"index":"index","follow":"follow","max-snippet":"max-snippet:-1","max-image-preview":"max-image-preview:large","max-video-preview":"max-video-preview:-1"},"canonical":"https:\/\/recyclotronix.com\/en\/server-entsorgen\/","og_locale":"en_US","og_type":"article","og_title":"Server entsorgen IT Recycling & Datenvernichtung Service DE","og_description":"Server fachgerecht entsorgen mit Recyclotronix \u2013 Ihr zertifizierter ITAD Service mit professioneller Demontage, sicherer Datenl\u00f6schung und Recycling f\u00fcr Sie.","og_url":"https:\/\/recyclotronix.com\/en\/server-entsorgen\/","og_site_name":"Recyclotronix GmbH","article_modified_time":"2026-04-05T11:55:06+00:00","twitter_card":"summary_large_image","twitter_misc":{"Est. reading time":"2 minutes"},"schema":{"@context":"https:\/\/schema.org","@graph":[{"@type":"WebPage","@id":"https:\/\/recyclotronix.com\/server-entsorgen\/","url":"https:\/\/recyclotronix.com\/server-entsorgen\/","name":"Server entsorgen IT Recycling & Datenvernichtung Service DE","isPartOf":{"@id":"https:\/\/recyclotronix.com\/#website"},"datePublished":"2024-08-23T10:02:08+00:00","dateModified":"2026-04-05T11:55:06+00:00","description":"Server fachgerecht entsorgen mit Recyclotronix \u2013 Ihr zertifizierter ITAD Service mit professioneller Demontage, sicherer Datenl\u00f6schung und Recycling f\u00fcr Sie.","breadcrumb":{"@id":"https:\/\/recyclotronix.com\/server-entsorgen\/#breadcrumb"},"inLanguage":"en-US","potentialAction":[{"@type":"ReadAction","target":["https:\/\/recyclotronix.com\/server-entsorgen\/"]}]},{"@type":"BreadcrumbList","@id":"https:\/\/recyclotronix.com\/server-entsorgen\/#breadcrumb","itemListElement":[{"@type":"ListItem","position":1,"name":"Home","item":"https:\/\/recyclotronix.com\/"},{"@type":"ListItem","position":2,"name":"Server entsorgen"}]},{"@type":"WebSite","@id":"https:\/\/recyclotronix.com\/#website","url":"https:\/\/recyclotronix.com\/","name":"Recyclotronix GmbH","description":"Revitalize. Reuse. Recycle.","publisher":{"@id":"https:\/\/recyclotronix.com\/#organization"},"potentialAction":[{"@type":"SearchAction","target":{"@type":"EntryPoint","urlTemplate":"https:\/\/recyclotronix.com\/?s={search_term_string}"},"query-input":{"@type":"PropertyValueSpecification","valueRequired":true,"valueName":"search_term_string"}}],"inLanguage":"en-US"},{"@type":"Organization","@id":"https:\/\/recyclotronix.com\/#organization","name":"Recyclotronix GmbH","url":"https:\/\/recyclotronix.com\/","logo":{"@type":"ImageObject","inLanguage":"en-US","@id":"https:\/\/recyclotronix.com\/#\/schema\/logo\/image\/","url":"https:\/\/recyclotronix.com\/wp-content\/uploads\/2023\/08\/logo-png-1.png","contentUrl":"https:\/\/recyclotronix.com\/wp-content\/uploads\/2023\/08\/logo-png-1.png","width":2560,"height":2451,"caption":"Recyclotronix GmbH"},"image":{"@id":"https:\/\/recyclotronix.com\/#\/schema\/logo\/image\/"}}]}},"_links":{"self":[{"href":"https:\/\/recyclotronix.com\/en\/wp-json\/wp\/v2\/pages\/1038","targetHints":{"allow":["GET"]}}],"collection":[{"href":"https:\/\/recyclotronix.com\/en\/wp-json\/wp\/v2\/pages"}],"about":[{"href":"https:\/\/recyclotronix.com\/en\/wp-json\/wp\/v2\/types\/page"}],"author":[{"embeddable":true,"href":"https:\/\/recyclotronix.com\/en\/wp-json\/wp\/v2\/users\/2"}],"replies":[{"embeddable":true,"href":"https:\/\/recyclotronix.com\/en\/wp-json\/wp\/v2\/comments?post=1038"}],"version-history":[{"count":16,"href":"https:\/\/recyclotronix.com\/en\/wp-json\/wp\/v2\/pages\/1038\/revisions"}],"predecessor-version":[{"id":2248,"href":"https:\/\/recyclotronix.com\/en\/wp-json\/wp\/v2\/pages\/1038\/revisions\/2248"}],"wp:attachment":[{"href":"https:\/\/recyclotronix.com\/en\/wp-json\/wp\/v2\/media?parent=1038"}],"curies":[{"name":"wp","href":"https:\/\/api.w.org\/{rel}","templated":true}]}}