{"id":1025,"date":"2024-08-23T10:53:50","date_gmt":"2024-08-23T09:53:50","guid":{"rendered":"https:\/\/recyclotronix.com\/?page_id=1025"},"modified":"2026-04-05T14:12:49","modified_gmt":"2026-04-05T12:12:49","slug":"festplatten-entsorgen","status":"publish","type":"page","link":"https:\/\/recyclotronix.com\/en\/festplatten-entsorgen\/","title":{"rendered":"Festplatten entsorgen"},"content":{"rendered":"<div data-elementor-type=\"wp-page\" data-elementor-id=\"1025\" class=\"elementor elementor-1025\" data-elementor-post-type=\"page\">\n\t\t\t\t<div class=\"elementor-element elementor-element-3c28c5e e-flex e-con-boxed e-con e-parent\" data-id=\"3c28c5e\" data-element_type=\"container\" data-e-type=\"container\" data-settings=\"{&quot;background_background&quot;:&quot;classic&quot;}\">\n\t\t\t\t\t<div class=\"e-con-inner\">\n\t\t\t\t<div class=\"elementor-element elementor-element-bf37108 animated-slow elementor-invisible elementor-widget elementor-widget-heading\" data-id=\"bf37108\" data-element_type=\"widget\" data-e-type=\"widget\" data-settings=\"{&quot;_animation&quot;:&quot;slideInUp&quot;}\" data-widget_type=\"heading.default\">\n\t\t\t\t<div class=\"elementor-widget-container\">\n\t\t\t\t\t<h1 class=\"elementor-heading-title elementor-size-default\">Professionelle und DIN-zertifizierte Festplattenentsorgung<\/h1>\t\t\t\t<\/div>\n\t\t\t\t<\/div>\n\t\t\t\t<div class=\"elementor-element elementor-element-603899c animated-slow elementor-invisible elementor-widget elementor-widget-heading\" data-id=\"603899c\" data-element_type=\"widget\" data-e-type=\"widget\" data-settings=\"{&quot;_animation&quot;:&quot;slideInUp&quot;}\" data-widget_type=\"heading.default\">\n\t\t\t\t<div class=\"elementor-widget-container\">\n\t\t\t\t\t<h2 class=\"elementor-heading-title elementor-size-default\">Unsere Datensicherheitsgarantie f\u00fcr Speichermedien<\/h2>\t\t\t\t<\/div>\n\t\t\t\t<\/div>\n\t\t\t\t\t<\/div>\n\t\t\t\t<\/div>\n\t\t<div class=\"elementor-element elementor-element-1f0ee332 e-flex e-con-boxed e-con e-parent\" data-id=\"1f0ee332\" data-element_type=\"container\" data-e-type=\"container\">\n\t\t\t\t\t<div class=\"e-con-inner\">\n\t\t<div class=\"elementor-element elementor-element-69dae134 e-con-full e-flex e-con e-child\" data-id=\"69dae134\" data-element_type=\"container\" data-e-type=\"container\">\n\t\t\t\t<div class=\"elementor-element elementor-element-30528f09 elementor-widget elementor-widget-text-editor\" data-id=\"30528f09\" data-element_type=\"widget\" data-e-type=\"widget\" data-widget_type=\"text-editor.default\">\n\t\t\t\t<div class=\"elementor-widget-container\">\n\t\t\t\t\t\t\t\t\t<p>In der heutigen digitalen Welt ist es wichtig <strong>Hard drives <\/strong>und andere <strong>Datentr\u00e4ger <\/strong>sicher und <strong>gesetzeskonform <\/strong>zu <strong>entsorgen<\/strong>. Bei <a href=\"\/en\/\">Recylotronix<\/a> bieten wir Ihnen umfassende Dienstleistungen zur <strong>Vernichtung <\/strong>von <strong>Daten <\/strong>und Entsorgung Ihrer Festplatten, die h\u00f6chsten Sicherheits- und Umweltstandards entsprechen. Unser Ziel ist es, Unternehmen die Sicherheit und den Schutz ihrer vertraulichen Daten nach DIN 66399 zu gew\u00e4hrleisten, w\u00e4hrend wir gleichzeitig umweltfreundliche und nachhaltige L\u00f6sungen bereitstellen.<\/p>\t\t\t\t\t\t\t\t<\/div>\n\t\t\t\t<\/div>\n\t\t\t\t<div class=\"elementor-element elementor-element-07159a8 elementor-invisible elementor-widget elementor-widget-heading\" data-id=\"07159a8\" data-element_type=\"widget\" data-e-type=\"widget\" data-settings=\"{&quot;_animation&quot;:&quot;fadeInUp&quot;}\" data-widget_type=\"heading.default\">\n\t\t\t\t<div class=\"elementor-widget-container\">\n\t\t\t\t\t<h3 class=\"elementor-heading-title elementor-size-default\">Warum ist die richtige Entsorgung bei Festplatten wichtig?<\/h3>\t\t\t\t<\/div>\n\t\t\t\t<\/div>\n\t\t\t\t<div class=\"elementor-element elementor-element-350ad75 elementor-widget elementor-widget-text-editor\" data-id=\"350ad75\" data-element_type=\"widget\" data-e-type=\"widget\" data-widget_type=\"text-editor.default\">\n\t\t\t\t<div class=\"elementor-widget-container\">\n\t\t\t\t\t\t\t\t\t<p>Es ist unerl\u00e4sslich, <strong>Festplatten ordnungsgem\u00e4\u00df zu entsorgen<\/strong>, um sicherzustellen, dass keine sensiblen oder vertraulichen Daten in die falschen H\u00e4nde geraten. Festplatten enthalten oft gesch\u00e4ftskritische Informationen, die, wenn sie nicht richtig gel\u00f6scht oder vernichtet werden, Sicherheitsrisiken f\u00fcr Ihr Unternehmen darstellen k\u00f6nnen. Ein unzureichend gel\u00f6schter <a href=\"https:\/\/recyclotronix.com\/en\/datentrager-entsorgen\/\">Datentr\u00e4ger<\/a> kann zu Datenlecks f\u00fchren, die sowohl rechtliche Konsequenzen als auch Reputationssch\u00e4den nach sich ziehen k\u00f6nnen.<\/p><p>Unser Service gew\u00e4hrleistet eine sichere Vernichtung aller Daten nach <strong>DIN 66399<\/strong>, sowie durch modernste Technologien, die garantieren, dass Ihre Festplatten und Datentr\u00e4ger vollst\u00e4ndig gel\u00f6scht und unbrauchbar gemacht werden. So sch\u00fctzen Sie sich vor potenziellen Sicherheitsrisiken und erf\u00fcllen gleichzeitig gesetzliche Vorschriften zum Datenschutz.<\/p><p>Zus\u00e4tzlich beachten wir bei der Datenvernichtung streng die Vorgaben der Datenschutz-Grundverordnung (DSGVO), um den Schutz personenbezogener Daten sicherzustellen. Die DSGVO verlangt, dass alle Unternehmen angemessene Ma\u00dfnahmen ergreifen, um die Sicherheit und Vertraulichkeit personenbezogener Daten zu gew\u00e4hrleisten. Ein Versto\u00df gegen diese Vorschriften kann erhebliche finanzielle Strafen und rechtliche Konsequenzen nach sich ziehen. Unser Unternehmen erreicht dabei die h\u00f6chste Sicherheitsstufe 3, was bedeutet, dass wir fortschrittliche Sicherheitsma\u00dfnahmen implementiert haben, um den maximalen Schutz Ihrer Daten zu gew\u00e4hrleisten. So k\u00f6nnen Sie sicher sein, dass Ihre Daten nicht nur effektiv vernichtet werden, sondern auch, dass alle gesetzlichen Anforderungen in vollem Umfang erf\u00fcllt sind.<\/p>\t\t\t\t\t\t\t\t<\/div>\n\t\t\t\t<\/div>\n\t\t\t\t<div class=\"elementor-element elementor-element-96ee115 elementor-invisible elementor-widget elementor-widget-heading\" data-id=\"96ee115\" data-element_type=\"widget\" data-e-type=\"widget\" data-settings=\"{&quot;_animation&quot;:&quot;fadeInUp&quot;}\" data-widget_type=\"heading.default\">\n\t\t\t\t<div class=\"elementor-widget-container\">\n\t\t\t\t\t<h3 class=\"elementor-heading-title elementor-size-default\">Unsere Services: Vom L\u00f6schen bis zur Vernichtung<\/h3>\t\t\t\t<\/div>\n\t\t\t\t<\/div>\n\t\t\t\t<div class=\"elementor-element elementor-element-d1ca2a6 elementor-widget elementor-widget-text-editor\" data-id=\"d1ca2a6\" data-element_type=\"widget\" data-e-type=\"widget\" data-widget_type=\"text-editor.default\">\n\t\t\t\t<div class=\"elementor-widget-container\">\n\t\t\t\t\t\t\t\t\t<p>Bei Recyclotronix bieten wir Ihnen eine breite Palette an Dienstleistungen, die speziell auf die <a href=\"https:\/\/recyclotronix.com\/en\/festplatten-entsorgen-firma\/\"><strong>Disposal <\/strong><\/a>von <strong>Hard drives <\/strong>und Datentr\u00e4gern zugeschnitten sind:<\/p><ol><li><strong>Datenl\u00f6schung:<\/strong> Unsere L\u00f6sung f\u00fcr die sichere Datenl\u00f6schung sorgt daf\u00fcr, dass alle Informationen auf Ihren Festplatten gr\u00fcndlich und dauerhaft entfernt werden. Dies geschieht durch zertifizierte Verfahren, die die Wiederherstellung der Daten unm\u00f6glich machen.<\/li><li><strong>Physische Vernichtung:<\/strong> F\u00fcr die h\u00f6chste Sicherheitsstufe bieten wir die physische Vernichtung von Festplatten an. Hierbei werden die Datentr\u00e4ger mechanisch zerst\u00f6rt, um sicherzustellen, dass keine Daten wiederhergestellt werden k\u00f6nnen.<\/li><li><strong>Entsorgung in gr\u00f6\u00dferen Mengen:<\/strong> Falls Sie gr\u00f6\u00dfere Mengen an Festplatten oder Datentr\u00e4gern entsorgen m\u00fcssen, bieten wir ma\u00dfgeschneiderte L\u00f6sungen f\u00fcr eine effiziente und umweltfreundliche Entsorgung an.<\/li><\/ol><p><br \/>Unsere Prozesse entsprechen den neuesten Industriestandards und gew\u00e4hrleisten, dass Ihre Daten sicher und verantwortungsvoll behandelt werden. Wenn auch Sie <strong>Festplatten entsorgen<\/strong> m\u00f6chten, dann wenden Sie sich an uns.<\/p>\t\t\t\t\t\t\t\t<\/div>\n\t\t\t\t<\/div>\n\t\t\t\t<div class=\"elementor-element elementor-element-e06ad9b elementor-invisible elementor-widget elementor-widget-heading\" data-id=\"e06ad9b\" data-element_type=\"widget\" data-e-type=\"widget\" data-settings=\"{&quot;_animation&quot;:&quot;fadeInUp&quot;}\" data-widget_type=\"heading.default\">\n\t\t\t\t<div class=\"elementor-widget-container\">\n\t\t\t\t\t<h3 class=\"elementor-heading-title elementor-size-default\">Warum sollten Sie sich f\u00fcr Recyclotronix entscheiden?<\/h3>\t\t\t\t<\/div>\n\t\t\t\t<\/div>\n\t\t\t\t<div class=\"elementor-element elementor-element-830fe23 elementor-widget elementor-widget-text-editor\" data-id=\"830fe23\" data-element_type=\"widget\" data-e-type=\"widget\" data-widget_type=\"text-editor.default\">\n\t\t\t\t<div class=\"elementor-widget-container\">\n\t\t\t\t\t\t\t\t\t<p>Unsere Expertise im Bereich der IT-Entsorgung und unser Engagement f\u00fcr Sicherheit und Umwelt machen uns zum idealen Partner f\u00fcr Ihre Festplatten-Entsorgung. Wir bieten Ihnen nicht nur h\u00f6chste Sicherheitsstandards, sondern auch einen umfassenden Service, der Ihre spezifischen Anforderungen erf\u00fcllt. Unsere Dienstleistungen sind darauf ausgelegt, Ihre gesch\u00e4ftlichen Anforderungen zu erf\u00fcllen und gleichzeitig den \u00f6kologischen Fu\u00dfabdruck zu minimieren.<\/p><p>Vertrauen Sie auf <a href=\"\/en\/\">Recylotronix<\/a>, wenn es darum geht <strong>Hard drives <\/strong>sicher, umweltfreundlich und gesetzeskonforme zu entsorgen. Wir stehen Ihnen mit unserem Fachwissen zur Seite und sorgen daf\u00fcr, dass Ihre sensiblen Informationen zuverl\u00e4ssig gesch\u00fctzt und verantwortungsvoll entsorgt werden.<\/p>\t\t\t\t\t\t\t\t<\/div>\n\t\t\t\t<\/div>\n\t\t\t\t<div class=\"elementor-element elementor-element-0b7369f elementor-invisible elementor-widget elementor-widget-heading\" data-id=\"0b7369f\" data-element_type=\"widget\" data-e-type=\"widget\" data-settings=\"{&quot;_animation&quot;:&quot;fadeInUp&quot;}\" data-widget_type=\"heading.default\">\n\t\t\t\t<div class=\"elementor-widget-container\">\n\t\t\t\t\t<h4 class=\"elementor-heading-title elementor-size-default\">Jetzt Festplatten von uns l\u00f6schen und entsorgen lassen<\/h4>\t\t\t\t<\/div>\n\t\t\t\t<\/div>\n\t\t\t\t<div class=\"elementor-element elementor-element-fb5ac1f elementor-widget elementor-widget-text-editor\" data-id=\"fb5ac1f\" data-element_type=\"widget\" data-e-type=\"widget\" data-widget_type=\"text-editor.default\">\n\t\t\t\t<div class=\"elementor-widget-container\">\n\t\t\t\t\t\t\t\t\t<p>Setzen Sie auf die Sicherheit und Zuverl\u00e4ssigkeit von Recyclotronix f\u00fcr Ihre <strong>Festplatten-Entsorgung<\/strong>. Kontaktieren Sie uns noch heute, um mehr \u00fcber unsere ma\u00dfgeschneiderten L\u00f6sungen zu erfahren und ein individuelles Angebot zu erhalten. Lassen Sie uns gemeinsam daf\u00fcr sorgen, dass Ihre Daten sicher und Ihre Umwelt gesch\u00fctzt bleibt.<\/p>\t\t\t\t\t\t\t\t<\/div>\n\t\t\t\t<\/div>\n\t\t\t\t<\/div>\n\t\t\t\t\t<\/div>\n\t\t\t\t<\/div>\n\t\t\t\t<\/div>","protected":false},"excerpt":{"rendered":"<p>Professionelle und DIN-zertifizierte Festplattenentsorgung Unsere Datensicherheitsgarantie f\u00fcr Speichermedien In der heutigen digitalen Welt ist es wichtig Festplatten und andere Datentr\u00e4ger sicher und gesetzeskonform zu entsorgen. Bei Recyclotronix bieten wir Ihnen umfassende Dienstleistungen zur Vernichtung von Daten und Entsorgung Ihrer Festplatten, die h\u00f6chsten Sicherheits- und Umweltstandards entsprechen. Unser Ziel ist es, Unternehmen die Sicherheit und den [&hellip;]<\/p>\n","protected":false},"author":2,"featured_media":0,"parent":0,"menu_order":0,"comment_status":"closed","ping_status":"closed","template":"elementor_header_footer","meta":{"footnotes":""},"class_list":["post-1025","page","type-page","status-publish","hentry"],"yoast_head":"<!-- This site is optimized with the Yoast SEO plugin v27.3 - https:\/\/yoast.com\/product\/yoast-seo-wordpress\/ -->\n<title>Festplatten entsorgen | Sichere Datenvernichtung Service DE<\/title>\n<meta name=\"description\" content=\"Daten und Datentr\u00e4ger vernichten auf h\u00f6chster Sicherheitsstufe \u2013 DIN-zertifizierte Festplatten-Entsorgung bei Recyclotronix. Unwiderruflich und sicher gel\u00f6scht.\" \/>\n<meta name=\"robots\" content=\"index, follow, max-snippet:-1, max-image-preview:large, max-video-preview:-1\" \/>\n<link rel=\"canonical\" href=\"https:\/\/recyclotronix.com\/en\/festplatten-entsorgen\/\" \/>\n<meta property=\"og:locale\" content=\"en_US\" \/>\n<meta property=\"og:type\" content=\"article\" \/>\n<meta property=\"og:title\" content=\"Festplatten entsorgen | Sichere Datenvernichtung Service DE\" \/>\n<meta property=\"og:description\" content=\"Daten und Datentr\u00e4ger vernichten auf h\u00f6chster Sicherheitsstufe \u2013 DIN-zertifizierte Festplatten-Entsorgung bei Recyclotronix. Unwiderruflich und sicher gel\u00f6scht.\" \/>\n<meta property=\"og:url\" content=\"https:\/\/recyclotronix.com\/en\/festplatten-entsorgen\/\" \/>\n<meta property=\"og:site_name\" content=\"Recyclotronix GmbH\" \/>\n<meta property=\"article:modified_time\" content=\"2026-04-05T12:12:49+00:00\" \/>\n<meta name=\"twitter:card\" content=\"summary_large_image\" \/>\n<meta name=\"twitter:label1\" content=\"Est. reading time\" \/>\n\t<meta name=\"twitter:data1\" content=\"3 minutes\" \/>\n<script type=\"application\/ld+json\" class=\"yoast-schema-graph\">{\"@context\":\"https:\\\/\\\/schema.org\",\"@graph\":[{\"@type\":\"WebPage\",\"@id\":\"https:\\\/\\\/recyclotronix.com\\\/festplatten-entsorgen\\\/\",\"url\":\"https:\\\/\\\/recyclotronix.com\\\/festplatten-entsorgen\\\/\",\"name\":\"Festplatten entsorgen | Sichere Datenvernichtung Service DE\",\"isPartOf\":{\"@id\":\"https:\\\/\\\/recyclotronix.com\\\/#website\"},\"datePublished\":\"2024-08-23T09:53:50+00:00\",\"dateModified\":\"2026-04-05T12:12:49+00:00\",\"description\":\"Daten und Datentr\u00e4ger vernichten auf h\u00f6chster Sicherheitsstufe \u2013 DIN-zertifizierte Festplatten-Entsorgung bei Recyclotronix. Unwiderruflich und sicher gel\u00f6scht.\",\"breadcrumb\":{\"@id\":\"https:\\\/\\\/recyclotronix.com\\\/festplatten-entsorgen\\\/#breadcrumb\"},\"inLanguage\":\"en-US\",\"potentialAction\":[{\"@type\":\"ReadAction\",\"target\":[\"https:\\\/\\\/recyclotronix.com\\\/festplatten-entsorgen\\\/\"]}]},{\"@type\":\"BreadcrumbList\",\"@id\":\"https:\\\/\\\/recyclotronix.com\\\/festplatten-entsorgen\\\/#breadcrumb\",\"itemListElement\":[{\"@type\":\"ListItem\",\"position\":1,\"name\":\"Home\",\"item\":\"https:\\\/\\\/recyclotronix.com\\\/\"},{\"@type\":\"ListItem\",\"position\":2,\"name\":\"Festplatten entsorgen\"}]},{\"@type\":\"WebSite\",\"@id\":\"https:\\\/\\\/recyclotronix.com\\\/#website\",\"url\":\"https:\\\/\\\/recyclotronix.com\\\/\",\"name\":\"Recyclotronix GmbH\",\"description\":\"Revitalize. Reuse. Recycle.\",\"publisher\":{\"@id\":\"https:\\\/\\\/recyclotronix.com\\\/#organization\"},\"potentialAction\":[{\"@type\":\"SearchAction\",\"target\":{\"@type\":\"EntryPoint\",\"urlTemplate\":\"https:\\\/\\\/recyclotronix.com\\\/?s={search_term_string}\"},\"query-input\":{\"@type\":\"PropertyValueSpecification\",\"valueRequired\":true,\"valueName\":\"search_term_string\"}}],\"inLanguage\":\"en-US\"},{\"@type\":\"Organization\",\"@id\":\"https:\\\/\\\/recyclotronix.com\\\/#organization\",\"name\":\"Recyclotronix GmbH\",\"url\":\"https:\\\/\\\/recyclotronix.com\\\/\",\"logo\":{\"@type\":\"ImageObject\",\"inLanguage\":\"en-US\",\"@id\":\"https:\\\/\\\/recyclotronix.com\\\/#\\\/schema\\\/logo\\\/image\\\/\",\"url\":\"https:\\\/\\\/recyclotronix.com\\\/wp-content\\\/uploads\\\/2023\\\/08\\\/logo-png-1.png\",\"contentUrl\":\"https:\\\/\\\/recyclotronix.com\\\/wp-content\\\/uploads\\\/2023\\\/08\\\/logo-png-1.png\",\"width\":2560,\"height\":2451,\"caption\":\"Recyclotronix GmbH\"},\"image\":{\"@id\":\"https:\\\/\\\/recyclotronix.com\\\/#\\\/schema\\\/logo\\\/image\\\/\"}}]}<\/script>\n<!-- \/ Yoast SEO plugin. -->","yoast_head_json":{"title":"Festplatten entsorgen | Sichere Datenvernichtung Service DE","description":"Daten und Datentr\u00e4ger vernichten auf h\u00f6chster Sicherheitsstufe \u2013 DIN-zertifizierte Festplatten-Entsorgung bei Recyclotronix. Unwiderruflich und sicher gel\u00f6scht.","robots":{"index":"index","follow":"follow","max-snippet":"max-snippet:-1","max-image-preview":"max-image-preview:large","max-video-preview":"max-video-preview:-1"},"canonical":"https:\/\/recyclotronix.com\/en\/festplatten-entsorgen\/","og_locale":"en_US","og_type":"article","og_title":"Festplatten entsorgen | Sichere Datenvernichtung Service DE","og_description":"Daten und Datentr\u00e4ger vernichten auf h\u00f6chster Sicherheitsstufe \u2013 DIN-zertifizierte Festplatten-Entsorgung bei Recyclotronix. Unwiderruflich und sicher gel\u00f6scht.","og_url":"https:\/\/recyclotronix.com\/en\/festplatten-entsorgen\/","og_site_name":"Recyclotronix GmbH","article_modified_time":"2026-04-05T12:12:49+00:00","twitter_card":"summary_large_image","twitter_misc":{"Est. reading time":"3 minutes"},"schema":{"@context":"https:\/\/schema.org","@graph":[{"@type":"WebPage","@id":"https:\/\/recyclotronix.com\/festplatten-entsorgen\/","url":"https:\/\/recyclotronix.com\/festplatten-entsorgen\/","name":"Festplatten entsorgen | Sichere Datenvernichtung Service DE","isPartOf":{"@id":"https:\/\/recyclotronix.com\/#website"},"datePublished":"2024-08-23T09:53:50+00:00","dateModified":"2026-04-05T12:12:49+00:00","description":"Daten und Datentr\u00e4ger vernichten auf h\u00f6chster Sicherheitsstufe \u2013 DIN-zertifizierte Festplatten-Entsorgung bei Recyclotronix. Unwiderruflich und sicher gel\u00f6scht.","breadcrumb":{"@id":"https:\/\/recyclotronix.com\/festplatten-entsorgen\/#breadcrumb"},"inLanguage":"en-US","potentialAction":[{"@type":"ReadAction","target":["https:\/\/recyclotronix.com\/festplatten-entsorgen\/"]}]},{"@type":"BreadcrumbList","@id":"https:\/\/recyclotronix.com\/festplatten-entsorgen\/#breadcrumb","itemListElement":[{"@type":"ListItem","position":1,"name":"Home","item":"https:\/\/recyclotronix.com\/"},{"@type":"ListItem","position":2,"name":"Festplatten entsorgen"}]},{"@type":"WebSite","@id":"https:\/\/recyclotronix.com\/#website","url":"https:\/\/recyclotronix.com\/","name":"Recyclotronix GmbH","description":"Revitalize. Reuse. Recycle.","publisher":{"@id":"https:\/\/recyclotronix.com\/#organization"},"potentialAction":[{"@type":"SearchAction","target":{"@type":"EntryPoint","urlTemplate":"https:\/\/recyclotronix.com\/?s={search_term_string}"},"query-input":{"@type":"PropertyValueSpecification","valueRequired":true,"valueName":"search_term_string"}}],"inLanguage":"en-US"},{"@type":"Organization","@id":"https:\/\/recyclotronix.com\/#organization","name":"Recyclotronix GmbH","url":"https:\/\/recyclotronix.com\/","logo":{"@type":"ImageObject","inLanguage":"en-US","@id":"https:\/\/recyclotronix.com\/#\/schema\/logo\/image\/","url":"https:\/\/recyclotronix.com\/wp-content\/uploads\/2023\/08\/logo-png-1.png","contentUrl":"https:\/\/recyclotronix.com\/wp-content\/uploads\/2023\/08\/logo-png-1.png","width":2560,"height":2451,"caption":"Recyclotronix GmbH"},"image":{"@id":"https:\/\/recyclotronix.com\/#\/schema\/logo\/image\/"}}]}},"_links":{"self":[{"href":"https:\/\/recyclotronix.com\/en\/wp-json\/wp\/v2\/pages\/1025","targetHints":{"allow":["GET"]}}],"collection":[{"href":"https:\/\/recyclotronix.com\/en\/wp-json\/wp\/v2\/pages"}],"about":[{"href":"https:\/\/recyclotronix.com\/en\/wp-json\/wp\/v2\/types\/page"}],"author":[{"embeddable":true,"href":"https:\/\/recyclotronix.com\/en\/wp-json\/wp\/v2\/users\/2"}],"replies":[{"embeddable":true,"href":"https:\/\/recyclotronix.com\/en\/wp-json\/wp\/v2\/comments?post=1025"}],"version-history":[{"count":16,"href":"https:\/\/recyclotronix.com\/en\/wp-json\/wp\/v2\/pages\/1025\/revisions"}],"predecessor-version":[{"id":2257,"href":"https:\/\/recyclotronix.com\/en\/wp-json\/wp\/v2\/pages\/1025\/revisions\/2257"}],"wp:attachment":[{"href":"https:\/\/recyclotronix.com\/en\/wp-json\/wp\/v2\/media?parent=1025"}],"curies":[{"name":"wp","href":"https:\/\/api.w.org\/{rel}","templated":true}]}}