{"id":1014,"date":"2024-08-23T10:31:14","date_gmt":"2024-08-23T09:31:14","guid":{"rendered":"https:\/\/recyclotronix.com\/?page_id=1014"},"modified":"2026-04-05T14:06:23","modified_gmt":"2026-04-05T12:06:23","slug":"ankauf-elektroschrott","status":"publish","type":"page","link":"https:\/\/recyclotronix.com\/en\/ankauf-elektroschrott\/","title":{"rendered":"Ankauf Elektroschrott"},"content":{"rendered":"<div data-elementor-type=\"wp-page\" data-elementor-id=\"1014\" class=\"elementor elementor-1014\" data-elementor-post-type=\"page\">\n\t\t\t\t<div class=\"elementor-element elementor-element-3c28c5e e-flex e-con-boxed e-con e-parent\" data-id=\"3c28c5e\" data-element_type=\"container\" data-e-type=\"container\" data-settings=\"{&quot;background_background&quot;:&quot;classic&quot;}\">\n\t\t\t\t\t<div class=\"e-con-inner\">\n\t\t\t\t<div class=\"elementor-element elementor-element-bf37108 animated-slow elementor-invisible elementor-widget elementor-widget-heading\" data-id=\"bf37108\" data-element_type=\"widget\" data-e-type=\"widget\" data-settings=\"{&quot;_animation&quot;:&quot;slideInUp&quot;}\" data-widget_type=\"heading.default\">\n\t\t\t\t<div class=\"elementor-widget-container\">\n\t\t\t\t\t<h1 class=\"elementor-heading-title elementor-size-default\">Professioneller Ankauf und Recycling von Elektronikschrott<\/h1>\t\t\t\t<\/div>\n\t\t\t\t<\/div>\n\t\t\t\t<div class=\"elementor-element elementor-element-603899c animated-slow elementor-invisible elementor-widget elementor-widget-heading\" data-id=\"603899c\" data-element_type=\"widget\" data-e-type=\"widget\" data-settings=\"{&quot;_animation&quot;:&quot;slideInUp&quot;}\" data-widget_type=\"heading.default\">\n\t\t\t\t<div class=\"elementor-widget-container\">\n\t\t\t\t\t<h2 class=\"elementor-heading-title elementor-size-default\">Nachhaltige E-Schrott-Recyclingl\u00f6sungen f\u00fcr Ihr Unternehmen<\/h2>\t\t\t\t<\/div>\n\t\t\t\t<\/div>\n\t\t\t\t\t<\/div>\n\t\t\t\t<\/div>\n\t\t<div class=\"elementor-element elementor-element-1f0ee332 e-flex e-con-boxed e-con e-parent\" data-id=\"1f0ee332\" data-element_type=\"container\" data-e-type=\"container\">\n\t\t\t\t\t<div class=\"e-con-inner\">\n\t\t<div class=\"elementor-element elementor-element-69dae134 e-con-full e-flex e-con e-child\" data-id=\"69dae134\" data-element_type=\"container\" data-e-type=\"container\">\n\t\t\t\t<div class=\"elementor-element elementor-element-2a55b169 elementor-invisible elementor-widget elementor-widget-heading\" data-id=\"2a55b169\" data-element_type=\"widget\" data-e-type=\"widget\" data-settings=\"{&quot;_animation&quot;:&quot;fadeInUp&quot;}\" data-widget_type=\"heading.default\">\n\t\t\t\t<div class=\"elementor-widget-container\">\n\t\t\t\t\t<h3 class=\"elementor-heading-title elementor-size-default\">Warum der Ankauf von Elektroschrott sinnvoll ist<\/h3>\t\t\t\t<\/div>\n\t\t\t\t<\/div>\n\t\t\t\t<div class=\"elementor-element elementor-element-30528f09 elementor-widget elementor-widget-text-editor\" data-id=\"30528f09\" data-element_type=\"widget\" data-e-type=\"widget\" data-widget_type=\"text-editor.default\">\n\t\t\t\t<div class=\"elementor-widget-container\">\n\t\t\t\t\t\t\t\t\t<p><strong>Elektroschrott<\/strong>, auch als <strong>Elektronikschrott <\/strong>bezeichnet, stellt eine erhebliche Herausforderung f\u00fcr Unternehmen dar, die gr\u00f6\u00dfere Mengen an veralteten IT-Ger\u00e4ten und Elektronikprodukten entsorgen m\u00fcssen. Bei Recyclotronix verstehen wir die Komplexit\u00e4t dieser Aufgabe und bieten ma\u00dfgeschneiderte L\u00f6sungen f\u00fcr den Ankauf und das <strong>Recycling <\/strong>von <strong>Elektroschrott<\/strong>. Unser Ziel ist es, Ihnen eine umweltfreundliche und effiziente Recyclingmethode und Wiederverwertung Ihrer Elektronikabf\u00e4lle zu bieten.<\/p>\t\t\t\t\t\t\t\t<\/div>\n\t\t\t\t<\/div>\n\t\t\t\t<div class=\"elementor-element elementor-element-07159a8 elementor-invisible elementor-widget elementor-widget-heading\" data-id=\"07159a8\" data-element_type=\"widget\" data-e-type=\"widget\" data-settings=\"{&quot;_animation&quot;:&quot;fadeInUp&quot;}\" data-widget_type=\"heading.default\">\n\t\t\t\t<div class=\"elementor-widget-container\">\n\t\t\t\t\t<h3 class=\"elementor-heading-title elementor-size-default\">Effizienter Ankauf und Recycling von Elektronikschrott<\/h3>\t\t\t\t<\/div>\n\t\t\t\t<\/div>\n\t\t\t\t<div class=\"elementor-element elementor-element-350ad75 elementor-widget elementor-widget-text-editor\" data-id=\"350ad75\" data-element_type=\"widget\" data-e-type=\"widget\" data-widget_type=\"text-editor.default\">\n\t\t\t\t<div class=\"elementor-widget-container\">\n\t\t\t\t\t\t\t\t\t<p>Unser Service umfasst den Ankauf und das <strong>Recycling <\/strong>von verschiedenen Arten von <strong>Elektroschrott<\/strong>, darunter Computer, Leiterplatten, PCs, Laptops, Monitore, Server, Storage, \u00a0und andere elektronische Komponenten. Wir kaufen Ihre alten Ger\u00e4te in gr\u00f6\u00dferen Mengen an und stellen sicher, dass alle verwertbaren Teile optimal wiederverwendet oder <strong>recycelt <\/strong>werden. Dies nicht nur reduziert die Umweltbelastung, sondern tr\u00e4gt auch dazu bei, wertvolle Ressourcen zu schonen.<\/p><p>Bei <a href=\"\/en\/\">Recylotronix<\/a> setzen wir modernste Technologien und Verfahren ein, um den Wert aus Ihrem <strong>Elektronikschrott <\/strong>zu maximieren. Unsere Experten demontieren sorgf\u00e4ltig alle Ger\u00e4te und verwenden weiter, was wiederverwendet werden kann. So stellen wir sicher, dass nichts verschwendet wird und die Umwelt geschont wird.<\/p>\t\t\t\t\t\t\t\t<\/div>\n\t\t\t\t<\/div>\n\t\t\t\t<div class=\"elementor-element elementor-element-bb24f5d elementor-invisible elementor-widget elementor-widget-heading\" data-id=\"bb24f5d\" data-element_type=\"widget\" data-e-type=\"widget\" data-settings=\"{&quot;_animation&quot;:&quot;fadeInUp&quot;}\" data-widget_type=\"heading.default\">\n\t\t\t\t<div class=\"elementor-widget-container\">\n\t\t\t\t\t<h3 class=\"elementor-heading-title elementor-size-default\">Verantwortungsvoller Umgang mit gr\u00f6\u00dferen Mengen an Elektroschrott<\/h3>\t\t\t\t<\/div>\n\t\t\t\t<\/div>\n\t\t\t\t<div class=\"elementor-element elementor-element-890a938 elementor-widget elementor-widget-text-editor\" data-id=\"890a938\" data-element_type=\"widget\" data-e-type=\"widget\" data-widget_type=\"text-editor.default\">\n\t\t\t\t<div class=\"elementor-widget-container\">\n\t\t\t\t\t\t\t\t\t<p>Wenn Ihr Unternehmen <strong>gr\u00f6\u00dfere Mengen<\/strong> an <strong>Elektronikschrott <\/strong>zu entsorgen hat, sind wir der ideale Partner f\u00fcr Sie. Unsere umfassenden <a href=\"https:\/\/recyclotronix.com\/en\/dienstleistungen-fuer-hersteller\/\">Recycling-Dienstleistungen<\/a> decken alle Aspekte der Entsorgung ab \u2013 von der Abholung \u00fcber die Demontage bis hin zur sicheren Entsorgung. Wir bieten auch spezielle L\u00f6sungen f\u00fcr die Vernichtung sensibler Daten, die auf Festplatten und anderen Datentr\u00e4gern gespeichert sind.<\/p><p>Durch den Ankauf von <strong>Elektroschrott <\/strong>sparen wir Ihrem Unternehmen erhebliche Entsorgungskosten. Informieren Sie sich direkt bei uns und profitieren Sie von allen Vorteilen des Recyclings.<\/p>\t\t\t\t\t\t\t\t<\/div>\n\t\t\t\t<\/div>\n\t\t\t\t<div class=\"elementor-element elementor-element-765da73 elementor-invisible elementor-widget elementor-widget-heading\" data-id=\"765da73\" data-element_type=\"widget\" data-e-type=\"widget\" data-settings=\"{&quot;_animation&quot;:&quot;fadeInUp&quot;}\" data-widget_type=\"heading.default\">\n\t\t\t\t<div class=\"elementor-widget-container\">\n\t\t\t\t\t<h3 class=\"elementor-heading-title elementor-size-default\">Wir kaufen Elektronikschrott von Ihrem Unternehmen<\/h3>\t\t\t\t<\/div>\n\t\t\t\t<\/div>\n\t\t\t\t<div class=\"elementor-element elementor-element-a120dd9 elementor-widget elementor-widget-text-editor\" data-id=\"a120dd9\" data-element_type=\"widget\" data-e-type=\"widget\" data-widget_type=\"text-editor.default\">\n\t\t\t\t<div class=\"elementor-widget-container\">\n\t\t\t\t\t\t\t\t\t<p>Durch die Zusammenarbeit mit Recyclotronix beim Ankauf und Recycling von <strong>Elektroschrott <\/strong>profitieren Sie von zahlreichen Vorteilen. Sie tragen zur Reduzierung des \u00f6kologischen Fu\u00dfabdrucks Ihres Unternehmens bei und erf\u00fcllen gleichzeitig gesetzliche Anforderungen und Umweltstandards. Zudem optimieren Sie Ihre Ressourcen und k\u00f6nnen aus dem Wiederverkauf und Recycling Ihrer Altger\u00e4te zus\u00e4tzlichen finanziellen Nutzen ziehen.<\/p><p><a href=\"https:\/\/recyclotronix.com\/en\/about\/\">Unser Team<\/a> bei <a href=\"\/en\/\">Recylotronix<\/a> steht Ihnen mit Sachverstand und freundlicher Beratung zur Seite, um die besten L\u00f6sungen f\u00fcr Ihre spezifischen Bed\u00fcrfnisse zu finden. Wir sind stolz darauf, Ihnen nicht nur einen erstklassigen Service zu bieten, sondern auch aktiv zur Schaffung einer nachhaltigeren Zukunft beizutragen.<\/p>\t\t\t\t\t\t\t\t<\/div>\n\t\t\t\t<\/div>\n\t\t\t\t<div class=\"elementor-element elementor-element-0636636 elementor-invisible elementor-widget elementor-widget-heading\" data-id=\"0636636\" data-element_type=\"widget\" data-e-type=\"widget\" data-settings=\"{&quot;_animation&quot;:&quot;fadeInUp&quot;}\" data-widget_type=\"heading.default\">\n\t\t\t\t<div class=\"elementor-widget-container\">\n\t\t\t\t\t<h4 class=\"elementor-heading-title elementor-size-default\">Nutzen Sie unseren Service!<\/h4>\t\t\t\t<\/div>\n\t\t\t\t<\/div>\n\t\t\t\t<div class=\"elementor-element elementor-element-f075501 elementor-widget elementor-widget-text-editor\" data-id=\"f075501\" data-element_type=\"widget\" data-e-type=\"widget\" data-widget_type=\"text-editor.default\">\n\t\t\t\t<div class=\"elementor-widget-container\">\n\t\t\t\t\t\t\t\t\t<p><a href=\"https:\/\/recyclotronix.com\/en\/contact\/\">Kontaktieren Sie uns noch heute<\/a>, um mehr \u00fcber unsere Dienstleistungen im Bereich Ankauf und Recycling von <strong>Elektroschrott <\/strong>zu erfahren. Lassen Sie uns gemeinsam eine umweltfreundliche und wirtschaftlich sinnvolle L\u00f6sung f\u00fcr die Entsorgung Ihrer Elektronikabf\u00e4lle finden. Ihr Unternehmen und die Umwelt werden davon profitieren.<\/p>\t\t\t\t\t\t\t\t<\/div>\n\t\t\t\t<\/div>\n\t\t\t\t<\/div>\n\t\t\t\t\t<\/div>\n\t\t\t\t<\/div>\n\t\t\t\t<\/div>","protected":false},"excerpt":{"rendered":"<p>Professioneller Ankauf und Recycling von Elektronikschrott Nachhaltige E-Schrott-Recyclingl\u00f6sungen f\u00fcr Ihr Unternehmen Warum der Ankauf von Elektroschrott sinnvoll ist Elektroschrott, auch als Elektronikschrott bezeichnet, stellt eine erhebliche Herausforderung f\u00fcr Unternehmen dar, die gr\u00f6\u00dfere Mengen an veralteten IT-Ger\u00e4ten und Elektronikprodukten entsorgen m\u00fcssen. Bei Recyclotronix verstehen wir die Komplexit\u00e4t dieser Aufgabe und bieten ma\u00dfgeschneiderte L\u00f6sungen f\u00fcr den Ankauf [&hellip;]<\/p>\n","protected":false},"author":2,"featured_media":0,"parent":0,"menu_order":0,"comment_status":"closed","ping_status":"closed","template":"elementor_header_footer","meta":{"footnotes":""},"class_list":["post-1014","page","type-page","status-publish","hentry"],"yoast_head":"<!-- This site is optimized with the Yoast SEO plugin v27.6 - https:\/\/yoast.com\/product\/yoast-seo-wordpress\/ -->\n<title>Elektroschrott Ankauf | IT Recycling f\u00fcr Unternehmen DE<\/title>\n<meta name=\"description\" content=\"Elektroschrott professionell entsorgen und Altger\u00e4te verkaufen \u2013 Recyclotronix bietet Ankauf, kostenlose Abholung und zertifiziertes Recycling f\u00fcr Unternehmen.\" \/>\n<meta name=\"robots\" content=\"index, follow, max-snippet:-1, max-image-preview:large, max-video-preview:-1\" \/>\n<link rel=\"canonical\" href=\"https:\/\/recyclotronix.com\/en\/ankauf-elektroschrott\/\" \/>\n<meta property=\"og:locale\" content=\"en_US\" \/>\n<meta property=\"og:type\" content=\"article\" \/>\n<meta property=\"og:title\" content=\"Elektroschrott Ankauf | IT Recycling f\u00fcr Unternehmen DE\" \/>\n<meta property=\"og:description\" content=\"Elektroschrott professionell entsorgen und Altger\u00e4te verkaufen \u2013 Recyclotronix bietet Ankauf, kostenlose Abholung und zertifiziertes Recycling f\u00fcr Unternehmen.\" \/>\n<meta property=\"og:url\" content=\"https:\/\/recyclotronix.com\/en\/ankauf-elektroschrott\/\" \/>\n<meta property=\"og:site_name\" content=\"Recyclotronix GmbH\" \/>\n<meta property=\"article:modified_time\" content=\"2026-04-05T12:06:23+00:00\" \/>\n<meta name=\"twitter:card\" content=\"summary_large_image\" \/>\n<meta name=\"twitter:label1\" content=\"Est. reading time\" \/>\n\t<meta name=\"twitter:data1\" content=\"2 minutes\" \/>\n<script type=\"application\/ld+json\" class=\"yoast-schema-graph\">{\"@context\":\"https:\\\/\\\/schema.org\",\"@graph\":[{\"@type\":\"WebPage\",\"@id\":\"https:\\\/\\\/recyclotronix.com\\\/ankauf-elektroschrott\\\/\",\"url\":\"https:\\\/\\\/recyclotronix.com\\\/ankauf-elektroschrott\\\/\",\"name\":\"Elektroschrott Ankauf | IT Recycling f\u00fcr Unternehmen DE\",\"isPartOf\":{\"@id\":\"https:\\\/\\\/recyclotronix.com\\\/#website\"},\"datePublished\":\"2024-08-23T09:31:14+00:00\",\"dateModified\":\"2026-04-05T12:06:23+00:00\",\"description\":\"Elektroschrott professionell entsorgen und Altger\u00e4te verkaufen \u2013 Recyclotronix bietet Ankauf, kostenlose Abholung und zertifiziertes Recycling f\u00fcr Unternehmen.\",\"breadcrumb\":{\"@id\":\"https:\\\/\\\/recyclotronix.com\\\/ankauf-elektroschrott\\\/#breadcrumb\"},\"inLanguage\":\"en-US\",\"potentialAction\":[{\"@type\":\"ReadAction\",\"target\":[\"https:\\\/\\\/recyclotronix.com\\\/ankauf-elektroschrott\\\/\"]}]},{\"@type\":\"BreadcrumbList\",\"@id\":\"https:\\\/\\\/recyclotronix.com\\\/ankauf-elektroschrott\\\/#breadcrumb\",\"itemListElement\":[{\"@type\":\"ListItem\",\"position\":1,\"name\":\"Home\",\"item\":\"https:\\\/\\\/recyclotronix.com\\\/\"},{\"@type\":\"ListItem\",\"position\":2,\"name\":\"Ankauf Elektroschrott\"}]},{\"@type\":\"WebSite\",\"@id\":\"https:\\\/\\\/recyclotronix.com\\\/#website\",\"url\":\"https:\\\/\\\/recyclotronix.com\\\/\",\"name\":\"Recyclotronix GmbH\",\"description\":\"Revitalize. Reuse. Recycle.\",\"publisher\":{\"@id\":\"https:\\\/\\\/recyclotronix.com\\\/#organization\"},\"potentialAction\":[{\"@type\":\"SearchAction\",\"target\":{\"@type\":\"EntryPoint\",\"urlTemplate\":\"https:\\\/\\\/recyclotronix.com\\\/?s={search_term_string}\"},\"query-input\":{\"@type\":\"PropertyValueSpecification\",\"valueRequired\":true,\"valueName\":\"search_term_string\"}}],\"inLanguage\":\"en-US\"},{\"@type\":\"Organization\",\"@id\":\"https:\\\/\\\/recyclotronix.com\\\/#organization\",\"name\":\"Recyclotronix GmbH\",\"url\":\"https:\\\/\\\/recyclotronix.com\\\/\",\"logo\":{\"@type\":\"ImageObject\",\"inLanguage\":\"en-US\",\"@id\":\"https:\\\/\\\/recyclotronix.com\\\/#\\\/schema\\\/logo\\\/image\\\/\",\"url\":\"https:\\\/\\\/recyclotronix.com\\\/wp-content\\\/uploads\\\/2023\\\/08\\\/logo-png-1.png\",\"contentUrl\":\"https:\\\/\\\/recyclotronix.com\\\/wp-content\\\/uploads\\\/2023\\\/08\\\/logo-png-1.png\",\"width\":2560,\"height\":2451,\"caption\":\"Recyclotronix GmbH\"},\"image\":{\"@id\":\"https:\\\/\\\/recyclotronix.com\\\/#\\\/schema\\\/logo\\\/image\\\/\"}}]}<\/script>\n<!-- \/ Yoast SEO plugin. -->","yoast_head_json":{"title":"Elektroschrott Ankauf | IT Recycling f\u00fcr Unternehmen DE","description":"Elektroschrott professionell entsorgen und Altger\u00e4te verkaufen \u2013 Recyclotronix bietet Ankauf, kostenlose Abholung und zertifiziertes Recycling f\u00fcr Unternehmen.","robots":{"index":"index","follow":"follow","max-snippet":"max-snippet:-1","max-image-preview":"max-image-preview:large","max-video-preview":"max-video-preview:-1"},"canonical":"https:\/\/recyclotronix.com\/en\/ankauf-elektroschrott\/","og_locale":"en_US","og_type":"article","og_title":"Elektroschrott Ankauf | IT Recycling f\u00fcr Unternehmen DE","og_description":"Elektroschrott professionell entsorgen und Altger\u00e4te verkaufen \u2013 Recyclotronix bietet Ankauf, kostenlose Abholung und zertifiziertes Recycling f\u00fcr Unternehmen.","og_url":"https:\/\/recyclotronix.com\/en\/ankauf-elektroschrott\/","og_site_name":"Recyclotronix GmbH","article_modified_time":"2026-04-05T12:06:23+00:00","twitter_card":"summary_large_image","twitter_misc":{"Est. reading time":"2 minutes"},"schema":{"@context":"https:\/\/schema.org","@graph":[{"@type":"WebPage","@id":"https:\/\/recyclotronix.com\/ankauf-elektroschrott\/","url":"https:\/\/recyclotronix.com\/ankauf-elektroschrott\/","name":"Elektroschrott Ankauf | IT Recycling f\u00fcr Unternehmen DE","isPartOf":{"@id":"https:\/\/recyclotronix.com\/#website"},"datePublished":"2024-08-23T09:31:14+00:00","dateModified":"2026-04-05T12:06:23+00:00","description":"Elektroschrott professionell entsorgen und Altger\u00e4te verkaufen \u2013 Recyclotronix bietet Ankauf, kostenlose Abholung und zertifiziertes Recycling f\u00fcr Unternehmen.","breadcrumb":{"@id":"https:\/\/recyclotronix.com\/ankauf-elektroschrott\/#breadcrumb"},"inLanguage":"en-US","potentialAction":[{"@type":"ReadAction","target":["https:\/\/recyclotronix.com\/ankauf-elektroschrott\/"]}]},{"@type":"BreadcrumbList","@id":"https:\/\/recyclotronix.com\/ankauf-elektroschrott\/#breadcrumb","itemListElement":[{"@type":"ListItem","position":1,"name":"Home","item":"https:\/\/recyclotronix.com\/"},{"@type":"ListItem","position":2,"name":"Ankauf Elektroschrott"}]},{"@type":"WebSite","@id":"https:\/\/recyclotronix.com\/#website","url":"https:\/\/recyclotronix.com\/","name":"Recyclotronix GmbH","description":"Revitalize. Reuse. Recycle.","publisher":{"@id":"https:\/\/recyclotronix.com\/#organization"},"potentialAction":[{"@type":"SearchAction","target":{"@type":"EntryPoint","urlTemplate":"https:\/\/recyclotronix.com\/?s={search_term_string}"},"query-input":{"@type":"PropertyValueSpecification","valueRequired":true,"valueName":"search_term_string"}}],"inLanguage":"en-US"},{"@type":"Organization","@id":"https:\/\/recyclotronix.com\/#organization","name":"Recyclotronix GmbH","url":"https:\/\/recyclotronix.com\/","logo":{"@type":"ImageObject","inLanguage":"en-US","@id":"https:\/\/recyclotronix.com\/#\/schema\/logo\/image\/","url":"https:\/\/recyclotronix.com\/wp-content\/uploads\/2023\/08\/logo-png-1.png","contentUrl":"https:\/\/recyclotronix.com\/wp-content\/uploads\/2023\/08\/logo-png-1.png","width":2560,"height":2451,"caption":"Recyclotronix GmbH"},"image":{"@id":"https:\/\/recyclotronix.com\/#\/schema\/logo\/image\/"}}]}},"_links":{"self":[{"href":"https:\/\/recyclotronix.com\/en\/wp-json\/wp\/v2\/pages\/1014","targetHints":{"allow":["GET"]}}],"collection":[{"href":"https:\/\/recyclotronix.com\/en\/wp-json\/wp\/v2\/pages"}],"about":[{"href":"https:\/\/recyclotronix.com\/en\/wp-json\/wp\/v2\/types\/page"}],"author":[{"embeddable":true,"href":"https:\/\/recyclotronix.com\/en\/wp-json\/wp\/v2\/users\/2"}],"replies":[{"embeddable":true,"href":"https:\/\/recyclotronix.com\/en\/wp-json\/wp\/v2\/comments?post=1014"}],"version-history":[{"count":10,"href":"https:\/\/recyclotronix.com\/en\/wp-json\/wp\/v2\/pages\/1014\/revisions"}],"predecessor-version":[{"id":1222,"href":"https:\/\/recyclotronix.com\/en\/wp-json\/wp\/v2\/pages\/1014\/revisions\/1222"}],"wp:attachment":[{"href":"https:\/\/recyclotronix.com\/en\/wp-json\/wp\/v2\/media?parent=1014"}],"curies":[{"name":"wp","href":"https:\/\/api.w.org\/{rel}","templated":true}]}}