{"id":1006,"date":"2024-08-23T10:20:02","date_gmt":"2024-08-23T09:20:02","guid":{"rendered":"https:\/\/recyclotronix.com\/?page_id=1006"},"modified":"2026-04-05T14:10:16","modified_gmt":"2026-04-05T12:10:16","slug":"ankauf-computerschrott","status":"publish","type":"page","link":"https:\/\/recyclotronix.com\/en\/ankauf-computerschrott\/","title":{"rendered":"Ankauf Computerschrott"},"content":{"rendered":"<div data-elementor-type=\"wp-page\" data-elementor-id=\"1006\" class=\"elementor elementor-1006\" data-elementor-post-type=\"page\">\n\t\t\t\t<div class=\"elementor-element elementor-element-3c28c5e e-flex e-con-boxed e-con e-parent\" data-id=\"3c28c5e\" data-element_type=\"container\" data-e-type=\"container\" data-settings=\"{&quot;background_background&quot;:&quot;classic&quot;}\">\n\t\t\t\t\t<div class=\"e-con-inner\">\n\t\t\t\t<div class=\"elementor-element elementor-element-bf37108 animated-slow elementor-invisible elementor-widget elementor-widget-heading\" data-id=\"bf37108\" data-element_type=\"widget\" data-e-type=\"widget\" data-settings=\"{&quot;_animation&quot;:&quot;slideInUp&quot;}\" data-widget_type=\"heading.default\">\n\t\t\t\t<div class=\"elementor-widget-container\">\n\t\t\t\t\t<h1 class=\"elementor-heading-title elementor-size-default\">Nachhaltiger Ankauf von Computerschrott f\u00fcr Unternehmen<\/h1>\t\t\t\t<\/div>\n\t\t\t\t<\/div>\n\t\t\t\t<div class=\"elementor-element elementor-element-603899c animated-slow elementor-invisible elementor-widget elementor-widget-heading\" data-id=\"603899c\" data-element_type=\"widget\" data-e-type=\"widget\" data-settings=\"{&quot;_animation&quot;:&quot;slideInUp&quot;}\" data-widget_type=\"heading.default\">\n\t\t\t\t<div class=\"elementor-widget-container\">\n\t\t\t\t\t<h2 class=\"elementor-heading-title elementor-size-default\">Nachhaltigkeit und Wertsch\u00f6pfung f\u00fcr Ihr Unternehmen<\/h2>\t\t\t\t<\/div>\n\t\t\t\t<\/div>\n\t\t\t\t\t<\/div>\n\t\t\t\t<\/div>\n\t\t<div class=\"elementor-element elementor-element-1f0ee332 e-flex e-con-boxed e-con e-parent\" data-id=\"1f0ee332\" data-element_type=\"container\" data-e-type=\"container\">\n\t\t\t\t\t<div class=\"e-con-inner\">\n\t\t<div class=\"elementor-element elementor-element-69dae134 e-con-full e-flex e-con e-child\" data-id=\"69dae134\" data-element_type=\"container\" data-e-type=\"container\">\n\t\t\t\t<div class=\"elementor-element elementor-element-2a55b169 elementor-invisible elementor-widget elementor-widget-heading\" data-id=\"2a55b169\" data-element_type=\"widget\" data-e-type=\"widget\" data-settings=\"{&quot;_animation&quot;:&quot;fadeInUp&quot;}\" data-widget_type=\"heading.default\">\n\t\t\t\t<div class=\"elementor-widget-container\">\n\t\t\t\t\t<h3 class=\"elementor-heading-title elementor-size-default\">Warum der Ankauf von Elektroschrott sinnvoll ist<\/h3>\t\t\t\t<\/div>\n\t\t\t\t<\/div>\n\t\t\t\t<div class=\"elementor-element elementor-element-30528f09 elementor-widget elementor-widget-text-editor\" data-id=\"30528f09\" data-element_type=\"widget\" data-e-type=\"widget\" data-widget_type=\"text-editor.default\">\n\t\t\t\t<div class=\"elementor-widget-container\">\n\t\t\t\t\t\t\t\t\t<p>In der heutigen, schnelllebigen IT-Landschaft stehen Unternehmen regelm\u00e4\u00dfig vor der Herausforderung, veraltete oder defekte IT-Ger\u00e4te zu entsorgen. Anstatt diese als nutzlose Altlast zu betrachten, bieten wir Ihnen bei Recyclotronix eine nachhaltige und wirtschaftlich attraktive L\u00f6sung: den Ankauf von Computerschrott. Ob Prozessoren, Boards, iPads, MacBooks, Monitore, Laptops, Server, Storage, Notebooks, PCs Arbeitsspeicher (RAM), Server oder Storage \u2013 unser Service verwandelt Ihren Elektronikschrott in wertvolle Ressourcen.<\/p>\t\t\t\t\t\t\t\t<\/div>\n\t\t\t\t<\/div>\n\t\t\t\t<div class=\"elementor-element elementor-element-07159a8 elementor-invisible elementor-widget elementor-widget-heading\" data-id=\"07159a8\" data-element_type=\"widget\" data-e-type=\"widget\" data-settings=\"{&quot;_animation&quot;:&quot;fadeInUp&quot;}\" data-widget_type=\"heading.default\">\n\t\t\t\t<div class=\"elementor-widget-container\">\n\t\t\t\t\t<h3 class=\"elementor-heading-title elementor-size-default\">Unser umfassender Service f\u00fcr den Ankauf von Computerschrott<\/h3>\t\t\t\t<\/div>\n\t\t\t\t<\/div>\n\t\t\t\t<div class=\"elementor-element elementor-element-350ad75 elementor-widget elementor-widget-text-editor\" data-id=\"350ad75\" data-element_type=\"widget\" data-e-type=\"widget\" data-widget_type=\"text-editor.default\">\n\t\t\t\t<div class=\"elementor-widget-container\">\n\t\t\t\t\t\t\t\t\t<p><a href=\"\/en\/\">Recylotronix<\/a> ist Ihr zuverl\u00e4ssiger Partner f\u00fcr den Ankauf und die fachgerechte Entsorgung von <a href=\"https:\/\/recyclotronix.com\/en\/ankauf-computerschrott\/\">Computerschrott<\/a>. Wir bieten Ihnen eine einfache und umweltfreundliche L\u00f6sung, um sich von Ihrem Elektronikschrott zu trennen. <a href=\"https:\/\/recyclotronix.com\/en\/dienstleistungen-fuer-hersteller\/\">Our Service<\/a> umfasst:<\/p><ul><li><strong>Bewertung und Ankauf<\/strong>: Wir analysieren den Wert Ihres Computerschrotts basierend auf aktuellen Marktpreisen. Dazu geh\u00f6ren ganze Ger\u00e4te wie Laptops, PCs und Monitore, aber auch Komponenten wie Arbeitsspeicher (RAM), Server, Storage und Mainboards. Auch Kabel und andere elektronische Bauteile werden fair bewertet.<\/li><li><strong>Sichere Abholung und Transport<\/strong>: Unsere Experten sorgen f\u00fcr die sichere Abholung und den Transport Ihrer Altger\u00e4te. Dabei gew\u00e4hrleisten wir, dass alle Schritte den gesetzlichen Vorschriften entsprechen.<\/li><li><strong>Datenvernichtung<\/strong>: Wir bieten eine sichere und zertifizierte Datenvernichtung, um Ihre sensiblen Informationen zu sch\u00fctzen. Dies schlie\u00dft Festplatten, Sicherungsb\u00e4nder und andere Datentr\u00e4ger ein.<\/li><\/ul>\t\t\t\t\t\t\t\t<\/div>\n\t\t\t\t<\/div>\n\t\t\t\t<div class=\"elementor-element elementor-element-2bac0ab elementor-invisible elementor-widget elementor-widget-heading\" data-id=\"2bac0ab\" data-element_type=\"widget\" data-e-type=\"widget\" data-settings=\"{&quot;_animation&quot;:&quot;fadeInUp&quot;}\" data-widget_type=\"heading.default\">\n\t\t\t\t<div class=\"elementor-widget-container\">\n\t\t\t\t\t<h3 class=\"elementor-heading-title elementor-size-default\">Beispiele f\u00fcr nachhaltige Wiederverwertung<\/h3>\t\t\t\t<\/div>\n\t\t\t\t<\/div>\n\t\t\t\t<div class=\"elementor-element elementor-element-aa1be24 elementor-widget elementor-widget-text-editor\" data-id=\"aa1be24\" data-element_type=\"widget\" data-e-type=\"widget\" data-widget_type=\"text-editor.default\">\n\t\t\t\t<div class=\"elementor-widget-container\">\n\t\t\t\t\t\t\t\t\t<p>Der Ankauf und die Wiederverwertung von <a href=\"https:\/\/recyclotronix.com\/en\/ankauf-computerschrott\/\">Computerschrott<\/a> tr\u00e4gt nicht nur zur Schonung der Umwelt bei, sondern kann auch einen erheblichen wirtschaftlichen Nutzen f\u00fcr Ihr Unternehmen bedeuten. Hier sind einige Beispiele, wie unser Ankaufservice funktioniert:<\/p><ul><li><strong>Mainboards und RAM:<\/strong> Alte Mainboards und RAM-Module k\u00f6nnen nach der Aufbereitung erneut verwendet oder als Ersatzteile verkauft werden. Dies reduziert die Notwendigkeit, neue Rohstoffe abzubauen, und schont die Umwelt.<\/li><li><strong>Batterien und Kabel:<\/strong> Durch das Recycling von Batterien und Kabeln werden wertvolle Materialien zur\u00fcckgewonnen, die in neuen Produkten Verwendung finden. Dadurch reduzieren wir den Abfall und tragen zur Kreislaufwirtschaft bei.<\/li><li><strong>Laptops:<\/strong> Gebrauchte Laptops k\u00f6nnen nach einer gr\u00fcndlichen \u00dcberpr\u00fcfung und Aufbereitung in den Markt zur\u00fcckgef\u00fchrt oder f\u00fcr Ersatzteile genutzt werden. Dies verl\u00e4ngert die Lebensdauer der Ger\u00e4te und minimiert die elektronische Abfallproduktion.<\/li><li><strong>PCs:<\/strong> Desktop-PCs, die nicht mehr verwendet werden, k\u00f6nnen aufger\u00fcstet oder umgebaut werden, um neuen Anforderungen gerecht zu werden. Einzelne Komponenten, die noch funktionst\u00fcchtig sind, werden weiterverkauft oder f\u00fcr andere Anwendungen verwendet.<\/li><li><strong>Server:<\/strong> Server-Hardware, die ausgemustert wird, hat oft noch ein hohes Potenzial f\u00fcr Weiterverwendung. Diese Systeme k\u00f6nnen nach einer sorgf\u00e4ltigen \u00dcberpr\u00fcfung wieder eingesetzt oder zur Bereitstellung von Cloud-Diensten verwendet werden. Der Verkauf von gebrauchten Servern unterst\u00fctzt zudem Unternehmen, die eine kosteng\u00fcnstigere IT-Infrastruktur suchen.<\/li><li><strong>Storage:<\/strong> Speichersysteme wie Festplatten und SSDs werden \u00fcberpr\u00fcft, um Daten sicher zu l\u00f6schen. Anschlie\u00dfend k\u00f6nnen sie wiederverwendet oder die Materialien recycelt werden, was die Nachfrage nach neuen Rohstoffen reduziert.<\/li><li><strong>Monitore:<\/strong> Monitore, die aus dem Betrieb genommen werden, k\u00f6nnen nach \u00dcberpr\u00fcfung auf Funktionalit\u00e4t weiterverwendet werden. Defekte Einheiten werden fachgerecht recycelt, um wertvolle Materialien wie Glas und Metalle zur\u00fcckzugewinnen.<\/li><\/ul><p><br \/>Durch diese Ma\u00dfnahmen tragen wir nicht nur zur Schonung wertvoller Ressourcen bei, sondern bieten auch eine kosteng\u00fcnstige Alternative f\u00fcr Unternehmen, die auf nachhaltige IT-L\u00f6sungen setzen m\u00f6chten.<\/p>\t\t\t\t\t\t\t\t<\/div>\n\t\t\t\t<\/div>\n\t\t\t\t<div class=\"elementor-element elementor-element-30698aa elementor-invisible elementor-widget elementor-widget-heading\" data-id=\"30698aa\" data-element_type=\"widget\" data-e-type=\"widget\" data-settings=\"{&quot;_animation&quot;:&quot;fadeInUp&quot;}\" data-widget_type=\"heading.default\">\n\t\t\t\t<div class=\"elementor-widget-container\">\n\t\t\t\t\t<h4 class=\"elementor-heading-title elementor-size-default\">Handeln Sie jetzt \u2013 Nutzen Sie unsere Dienstleistungen zum Ankauf von Computerschrott<\/h4>\t\t\t\t<\/div>\n\t\t\t\t<\/div>\n\t\t\t\t<div class=\"elementor-element elementor-element-7bebae7 elementor-widget elementor-widget-text-editor\" data-id=\"7bebae7\" data-element_type=\"widget\" data-e-type=\"widget\" data-widget_type=\"text-editor.default\">\n\t\t\t\t<div class=\"elementor-widget-container\">\n\t\t\t\t\t\t\t\t\t<p>Setzen Sie auf Recyclotronix und profitieren Sie von unserem umfassenden Service f\u00fcr den Ankauf von Computerschrott. Wir bieten Ihnen eine nachhaltige, sichere und wirtschaftlich vorteilhafte L\u00f6sung zur Entsorgung Ihrer IT-Altger\u00e4te. Kontaktieren Sie uns noch heute und lassen Sie sich von unseren Experten beraten. Gemeinsam finden wir die optimale L\u00f6sung f\u00fcr Ihr Unternehmen und tragen gleichzeitig zur Schonung der Umwelt bei.<\/p><p><strong><a href=\"https:\/\/recyclotronix.com\/en\/contact\/\">Kontaktieren Sie uns jetzt<\/a> und vereinbaren Sie einen Termin f\u00fcr die Bewertung Ihres Computerschrotts!<\/strong><\/p>\t\t\t\t\t\t\t\t<\/div>\n\t\t\t\t<\/div>\n\t\t\t\t<\/div>\n\t\t\t\t\t<\/div>\n\t\t\t\t<\/div>\n\t\t\t\t<\/div>","protected":false},"excerpt":{"rendered":"<p>Nachhaltiger Ankauf von Computerschrott f\u00fcr Unternehmen Nachhaltigkeit und Wertsch\u00f6pfung f\u00fcr Ihr Unternehmen Warum der Ankauf von Elektroschrott sinnvoll ist In der heutigen, schnelllebigen IT-Landschaft stehen Unternehmen regelm\u00e4\u00dfig vor der Herausforderung, veraltete oder defekte IT-Ger\u00e4te zu entsorgen. Anstatt diese als nutzlose Altlast zu betrachten, bieten wir Ihnen bei Recyclotronix eine nachhaltige und wirtschaftlich attraktive L\u00f6sung: den [&hellip;]<\/p>\n","protected":false},"author":2,"featured_media":0,"parent":0,"menu_order":0,"comment_status":"closed","ping_status":"closed","template":"elementor_header_footer","meta":{"footnotes":""},"class_list":["post-1006","page","type-page","status-publish","hentry"],"yoast_head":"<!-- This site is optimized with the Yoast SEO plugin v27.5 - https:\/\/yoast.com\/product\/yoast-seo-wordpress\/ -->\n<title>Computerschrott Ankauf | IT Recycling &amp; Entsorgung DE<\/title>\n<meta name=\"description\" content=\"Ankauf von gebrauchten Laptops und Computerschrott \u2013 fachgerechte Entsorgung und Aufbereitung zu Refurbished Notebooks durch Recyclotronix. Jetzt anfragen.\" \/>\n<meta name=\"robots\" content=\"index, follow, max-snippet:-1, max-image-preview:large, max-video-preview:-1\" \/>\n<link rel=\"canonical\" href=\"https:\/\/recyclotronix.com\/en\/ankauf-computerschrott\/\" \/>\n<meta property=\"og:locale\" content=\"en_US\" \/>\n<meta property=\"og:type\" content=\"article\" \/>\n<meta property=\"og:title\" content=\"Computerschrott Ankauf | IT Recycling &amp; Entsorgung DE\" \/>\n<meta property=\"og:description\" content=\"Ankauf von gebrauchten Laptops und Computerschrott \u2013 fachgerechte Entsorgung und Aufbereitung zu Refurbished Notebooks durch Recyclotronix. Jetzt anfragen.\" \/>\n<meta property=\"og:url\" content=\"https:\/\/recyclotronix.com\/en\/ankauf-computerschrott\/\" \/>\n<meta property=\"og:site_name\" content=\"Recyclotronix GmbH\" \/>\n<meta property=\"article:modified_time\" content=\"2026-04-05T12:10:16+00:00\" \/>\n<meta name=\"twitter:card\" content=\"summary_large_image\" \/>\n<meta name=\"twitter:label1\" content=\"Est. reading time\" \/>\n\t<meta name=\"twitter:data1\" content=\"3 minutes\" \/>\n<script type=\"application\/ld+json\" class=\"yoast-schema-graph\">{\"@context\":\"https:\\\/\\\/schema.org\",\"@graph\":[{\"@type\":\"WebPage\",\"@id\":\"https:\\\/\\\/recyclotronix.com\\\/ankauf-computerschrott\\\/\",\"url\":\"https:\\\/\\\/recyclotronix.com\\\/ankauf-computerschrott\\\/\",\"name\":\"Computerschrott Ankauf | IT Recycling & Entsorgung DE\",\"isPartOf\":{\"@id\":\"https:\\\/\\\/recyclotronix.com\\\/#website\"},\"datePublished\":\"2024-08-23T09:20:02+00:00\",\"dateModified\":\"2026-04-05T12:10:16+00:00\",\"description\":\"Ankauf von gebrauchten Laptops und Computerschrott \u2013 fachgerechte Entsorgung und Aufbereitung zu Refurbished Notebooks durch Recyclotronix. Jetzt anfragen.\",\"breadcrumb\":{\"@id\":\"https:\\\/\\\/recyclotronix.com\\\/ankauf-computerschrott\\\/#breadcrumb\"},\"inLanguage\":\"en-US\",\"potentialAction\":[{\"@type\":\"ReadAction\",\"target\":[\"https:\\\/\\\/recyclotronix.com\\\/ankauf-computerschrott\\\/\"]}]},{\"@type\":\"BreadcrumbList\",\"@id\":\"https:\\\/\\\/recyclotronix.com\\\/ankauf-computerschrott\\\/#breadcrumb\",\"itemListElement\":[{\"@type\":\"ListItem\",\"position\":1,\"name\":\"Home\",\"item\":\"https:\\\/\\\/recyclotronix.com\\\/\"},{\"@type\":\"ListItem\",\"position\":2,\"name\":\"Ankauf Computerschrott\"}]},{\"@type\":\"WebSite\",\"@id\":\"https:\\\/\\\/recyclotronix.com\\\/#website\",\"url\":\"https:\\\/\\\/recyclotronix.com\\\/\",\"name\":\"Recyclotronix GmbH\",\"description\":\"Revitalize. Reuse. Recycle.\",\"publisher\":{\"@id\":\"https:\\\/\\\/recyclotronix.com\\\/#organization\"},\"potentialAction\":[{\"@type\":\"SearchAction\",\"target\":{\"@type\":\"EntryPoint\",\"urlTemplate\":\"https:\\\/\\\/recyclotronix.com\\\/?s={search_term_string}\"},\"query-input\":{\"@type\":\"PropertyValueSpecification\",\"valueRequired\":true,\"valueName\":\"search_term_string\"}}],\"inLanguage\":\"en-US\"},{\"@type\":\"Organization\",\"@id\":\"https:\\\/\\\/recyclotronix.com\\\/#organization\",\"name\":\"Recyclotronix GmbH\",\"url\":\"https:\\\/\\\/recyclotronix.com\\\/\",\"logo\":{\"@type\":\"ImageObject\",\"inLanguage\":\"en-US\",\"@id\":\"https:\\\/\\\/recyclotronix.com\\\/#\\\/schema\\\/logo\\\/image\\\/\",\"url\":\"https:\\\/\\\/recyclotronix.com\\\/wp-content\\\/uploads\\\/2023\\\/08\\\/logo-png-1.png\",\"contentUrl\":\"https:\\\/\\\/recyclotronix.com\\\/wp-content\\\/uploads\\\/2023\\\/08\\\/logo-png-1.png\",\"width\":2560,\"height\":2451,\"caption\":\"Recyclotronix GmbH\"},\"image\":{\"@id\":\"https:\\\/\\\/recyclotronix.com\\\/#\\\/schema\\\/logo\\\/image\\\/\"}}]}<\/script>\n<!-- \/ Yoast SEO plugin. -->","yoast_head_json":{"title":"Computerschrott Ankauf | IT Recycling & Entsorgung DE","description":"Ankauf von gebrauchten Laptops und Computerschrott \u2013 fachgerechte Entsorgung und Aufbereitung zu Refurbished Notebooks durch Recyclotronix. Jetzt anfragen.","robots":{"index":"index","follow":"follow","max-snippet":"max-snippet:-1","max-image-preview":"max-image-preview:large","max-video-preview":"max-video-preview:-1"},"canonical":"https:\/\/recyclotronix.com\/en\/ankauf-computerschrott\/","og_locale":"en_US","og_type":"article","og_title":"Computerschrott Ankauf | IT Recycling & Entsorgung DE","og_description":"Ankauf von gebrauchten Laptops und Computerschrott \u2013 fachgerechte Entsorgung und Aufbereitung zu Refurbished Notebooks durch Recyclotronix. Jetzt anfragen.","og_url":"https:\/\/recyclotronix.com\/en\/ankauf-computerschrott\/","og_site_name":"Recyclotronix GmbH","article_modified_time":"2026-04-05T12:10:16+00:00","twitter_card":"summary_large_image","twitter_misc":{"Est. reading time":"3 minutes"},"schema":{"@context":"https:\/\/schema.org","@graph":[{"@type":"WebPage","@id":"https:\/\/recyclotronix.com\/ankauf-computerschrott\/","url":"https:\/\/recyclotronix.com\/ankauf-computerschrott\/","name":"Computerschrott Ankauf | IT Recycling & Entsorgung DE","isPartOf":{"@id":"https:\/\/recyclotronix.com\/#website"},"datePublished":"2024-08-23T09:20:02+00:00","dateModified":"2026-04-05T12:10:16+00:00","description":"Ankauf von gebrauchten Laptops und Computerschrott \u2013 fachgerechte Entsorgung und Aufbereitung zu Refurbished Notebooks durch Recyclotronix. Jetzt anfragen.","breadcrumb":{"@id":"https:\/\/recyclotronix.com\/ankauf-computerschrott\/#breadcrumb"},"inLanguage":"en-US","potentialAction":[{"@type":"ReadAction","target":["https:\/\/recyclotronix.com\/ankauf-computerschrott\/"]}]},{"@type":"BreadcrumbList","@id":"https:\/\/recyclotronix.com\/ankauf-computerschrott\/#breadcrumb","itemListElement":[{"@type":"ListItem","position":1,"name":"Home","item":"https:\/\/recyclotronix.com\/"},{"@type":"ListItem","position":2,"name":"Ankauf Computerschrott"}]},{"@type":"WebSite","@id":"https:\/\/recyclotronix.com\/#website","url":"https:\/\/recyclotronix.com\/","name":"Recyclotronix GmbH","description":"Revitalize. Reuse. Recycle.","publisher":{"@id":"https:\/\/recyclotronix.com\/#organization"},"potentialAction":[{"@type":"SearchAction","target":{"@type":"EntryPoint","urlTemplate":"https:\/\/recyclotronix.com\/?s={search_term_string}"},"query-input":{"@type":"PropertyValueSpecification","valueRequired":true,"valueName":"search_term_string"}}],"inLanguage":"en-US"},{"@type":"Organization","@id":"https:\/\/recyclotronix.com\/#organization","name":"Recyclotronix GmbH","url":"https:\/\/recyclotronix.com\/","logo":{"@type":"ImageObject","inLanguage":"en-US","@id":"https:\/\/recyclotronix.com\/#\/schema\/logo\/image\/","url":"https:\/\/recyclotronix.com\/wp-content\/uploads\/2023\/08\/logo-png-1.png","contentUrl":"https:\/\/recyclotronix.com\/wp-content\/uploads\/2023\/08\/logo-png-1.png","width":2560,"height":2451,"caption":"Recyclotronix GmbH"},"image":{"@id":"https:\/\/recyclotronix.com\/#\/schema\/logo\/image\/"}}]}},"_links":{"self":[{"href":"https:\/\/recyclotronix.com\/en\/wp-json\/wp\/v2\/pages\/1006","targetHints":{"allow":["GET"]}}],"collection":[{"href":"https:\/\/recyclotronix.com\/en\/wp-json\/wp\/v2\/pages"}],"about":[{"href":"https:\/\/recyclotronix.com\/en\/wp-json\/wp\/v2\/types\/page"}],"author":[{"embeddable":true,"href":"https:\/\/recyclotronix.com\/en\/wp-json\/wp\/v2\/users\/2"}],"replies":[{"embeddable":true,"href":"https:\/\/recyclotronix.com\/en\/wp-json\/wp\/v2\/comments?post=1006"}],"version-history":[{"count":19,"href":"https:\/\/recyclotronix.com\/en\/wp-json\/wp\/v2\/pages\/1006\/revisions"}],"predecessor-version":[{"id":2254,"href":"https:\/\/recyclotronix.com\/en\/wp-json\/wp\/v2\/pages\/1006\/revisions\/2254"}],"wp:attachment":[{"href":"https:\/\/recyclotronix.com\/en\/wp-json\/wp\/v2\/media?parent=1006"}],"curies":[{"name":"wp","href":"https:\/\/api.w.org\/{rel}","templated":true}]}}